{"id":54156,"date":"2019-09-25T07:16:55","date_gmt":"2019-09-25T05:16:55","guid":{"rendered":"https:\/\/relaisgourmet.com\/versand-ruecksendungen\/"},"modified":"2025-02-17T11:40:56","modified_gmt":"2025-02-17T10:40:56","slug":"versand-ruecksendungen","status":"publish","type":"page","link":"https:\/\/relaisgourmet.com\/de\/versand-ruecksendungen\/","title":{"rendered":"Versand &amp; R\u00fccksendungen"},"content":{"rendered":"\n<p><strong>Die Versandkosten werden basierend auf dem Gewicht des Pakets berechnet\n F\u00fcr alle Bestellungen, die nach Frankreich und Europa geliefert werden \nund in den Rest der Welt.<\/strong><\/p>\n\n<p>Nach \u00dcberpr\u00fcfung der Zahlung wird Ihre Bestellung sofort von Relais Gourmet bearbeitet. Sie erhalten Ihre Lieferung an die von Ihnen gew\u00e4hlte Adresse innerhalb von etwa 3 bis 5 Tagen nach Bestellbest\u00e4tigung. Wir verwenden den Service von La Poste (Colissimo oder Colissimo International).<\/p>\n\n<p>Sie k\u00f6nnen innerhalb von 48 Stunden geliefert werden, wenn die Bestellung vor 9 Uhr morgens aufgegeben wird, indem Sie uns unter der Nummer (+33) 05.40.07.07.65 anrufen.<br\/> Konsultieren Sie uns f\u00fcr die Versandkosten per E-Mail oder Telefon. Wir verwenden DHL Express International oder Chronopost International als unseren Express-Lieferservice.<\/p>\n\n<p><strong>Wir liefern unsere Produkte weltweit.<\/strong><\/p>\n\n<p>Alles, was Sie noch tun m\u00fcssen, ist, Ihre Bestellung aufzugeben \u00fcber \nmit unserem sicheren Formular. Relais Gourmet garantiert Ihnen die \nZuverl\u00e4ssigkeit unseres kommerziellen Angebots und die Sicherheit unserer Relais-Website. \nGourmet.<\/p>\n\n<p><strong>Wir \u00fcbernehmen alle mit dem Transport verbundenen Risiken.<\/strong><\/p>\n\n<p>Im Falle von Sch\u00e4den kontaktieren Sie unseren Kundenservice und wir werden Ihnen \nWir erstatten den vollen Betrag Ihres Kaufs (einschlie\u00dflich Versandkosten) \ngem\u00e4\u00df unseren Allgemeinen Gesch\u00e4ftsbedingungen. Dennoch, \nk\u00f6nnen wir nicht f\u00fcr m\u00f6gliche Sch\u00e4den verantwortlich gemacht werden \ndes Produkts aufgrund der Abwesenheit des Empf\u00e4ngers zum Zeitpunkt der Lieferung.<\/p>\n\n<p><strong>Wir k\u00f6nnen Ihnen in ganz Europa innerhalb von 48 Stunden liefern.<\/strong><\/p>\n\n<p>F\u00fcr alle Bestellungen, die vor 9 Uhr morgens aufgegeben werden (au\u00dfer samstags, sonntags und an Feiertagen). Daf\u00fcr rufen Sie uns direkt unter der Nummer (+33) 05.40.07.07.65 an.<br\/><\/p>\n\n<p><strong>Lieferorte und Lieferzeiten<\/strong><\/p>\n\n<p>Die Lieferung in die betreffenden L\u00e4nder erfolgt durch Colissimo in \nFrankreich und Europa innerhalb von etwa 5 bis 8 Werktagen nach der\n Bestellbest\u00e4tigung. Au\u00dferhalb Europas versenden wir mit \nTransport- und Logistikunternehmen (Rechnen Sie mit 8 bis 20 \nWerktagen). Diese Fristen sind als Richtwerte zu verstehen. Es erfolgt keine Entsch\u00e4digung. \nkann von Relais Gourmet im Falle einer m\u00f6glichen Lieferverz\u00f6gerung nicht verlangt \nwerden. Im Falle der Abwesenheit des Empf\u00e4ngers bei der Zustellung des Pakets, \nkann Relais Gourmet unter keinen Umst\u00e4nden f\u00fcr die \nBesch\u00e4digungen an den Produkten oder die Nichtabholung durch den Empf\u00e4nger verantwortlich gemacht werden. \nEmpf\u00e4nger.<\/p>\n\n<p><strong>R\u00fcckerstattung und Ersatz <\/strong><\/p>\n\n<p>Unsere Kunden verpflichten sich, die Bedingungen f\u00fcr \ndie Lagerung der Produkte sowie das Haltbarkeitsdatum strikt einzuhalten. \nauf den Verpackungen angegeben. Es liegt in der Verantwortung des Empf\u00e4ngers, die \nAnzahl und Zustand der Produkte zum Zeitpunkt des Empfangs zu \u00fcberpr\u00fcfen. Im Falle von \nnicht entsprechender Lieferung muss eine Reklamation schriftlich eingereicht werden \nbei Relais Gourmet innerhalb von 24 Stunden nach der Lieferung. F\u00fcr \nWeitere Informationen zu unserer &#8222;Zufrieden oder Geld zur\u00fcck&#8220;-Garantie finden Sie auf unserer Seite zu dieser Garantie.\n consultez <a href=\"https:\/\/relaisgourmet.com\/fr\/content\/5-satisfait-rembourse\">Sie unsere Seite \u00fcber diese Garantie.<\/a> Tous les litiges et contestations seront de la comp\u00e9tence des tribunaux comp\u00e9tents de Bayonne (France).<\/p>\n","protected":false},"excerpt":{"rendered":"<p>Die Versandkosten werden basierend auf dem Gewicht des Pakets berechnet F\u00fcr alle Bestellungen, die nach Frankreich und Europa geliefert werden und in den Rest der Welt. Nach \u00dcberpr\u00fcfung der Zahlung wird Ihre Bestellung sofort von Relais Gourmet bearbeitet. Sie erhalten Ihre Lieferung an die von Ihnen gew\u00e4hlte Adresse innerhalb von etwa 3 bis 5 Tagen [&hellip;]<\/p>\n","protected":false},"author":1,"featured_media":0,"parent":0,"menu_order":0,"comment_status":"open","ping_status":"closed","template":"","meta":{"footnotes":""},"class_list":["post-54156","page","type-page","status-publish","hentry"],"yoast_head":"<!-- This site is optimized with the Yoast SEO Premium plugin v27.0 (Yoast SEO v27.4) - https:\/\/yoast.com\/product\/yoast-seo-premium-wordpress\/ -->\n<title>Versand &amp; R\u00fccksendungen<\/title>\n<meta name=\"description\" content=\"Schnelle und sichere Lieferung. R\u00fccksendungen innerhalb von 15 Tagen. Entdecken Sie unser 100% franz\u00f6sisches Foie Gras, ohne Konservierungsstoffe, Zusatzstoffe oder Farbstoffe.\" \/>\n<meta name=\"robots\" content=\"index, follow, max-snippet:-1, max-image-preview:large, max-video-preview:-1\" \/>\n<link rel=\"canonical\" href=\"https:\/\/relaisgourmet.com\/de\/versand-ruecksendungen\/\" \/>\n<meta property=\"og:locale\" content=\"de_DE\" \/>\n<meta property=\"og:type\" content=\"article\" \/>\n<meta property=\"og:title\" content=\"Versand &amp; R\u00fccksendungen\" \/>\n<meta property=\"og:description\" content=\"Schnelle und sichere Lieferung. R\u00fccksendungen innerhalb von 15 Tagen. Entdecken Sie unser 100% franz\u00f6sisches Foie Gras, ohne Konservierungsstoffe, Zusatzstoffe oder Farbstoffe.\" \/>\n<meta property=\"og:url\" content=\"https:\/\/relaisgourmet.com\/de\/versand-ruecksendungen\/\" \/>\n<meta property=\"og:site_name\" content=\"Relais Gourmet\" \/>\n<meta property=\"article:publisher\" content=\"https:\/\/facebook.com\/yoast\" \/>\n<meta property=\"article:modified_time\" content=\"2025-02-17T10:40:56+00:00\" \/>\n<meta name=\"twitter:card\" content=\"summary_large_image\" \/>\n<meta name=\"twitter:label1\" content=\"Gesch\u00e4tzte Lesezeit\" \/>\n\t<meta name=\"twitter:data1\" content=\"2\u00a0Minute\" \/>\n<script type=\"application\/ld+json\" class=\"yoast-schema-graph\">{\"@context\":\"https:\\\/\\\/schema.org\",\"@graph\":[{\"@type\":\"WebPage\",\"@id\":\"https:\\\/\\\/relaisgourmet.com\\\/de\\\/versand-ruecksendungen\\\/\",\"url\":\"https:\\\/\\\/relaisgourmet.com\\\/de\\\/versand-ruecksendungen\\\/\",\"name\":\"Versand &amp; R\u00fccksendungen\",\"isPartOf\":{\"@id\":\"https:\\\/\\\/relaisgourmet.com\\\/de\\\/#website\"},\"datePublished\":\"2019-09-25T05:16:55+00:00\",\"dateModified\":\"2025-02-17T10:40:56+00:00\",\"description\":\"Schnelle und sichere Lieferung. R\u00fccksendungen innerhalb von 15 Tagen. Entdecken Sie unser 100% franz\u00f6sisches Foie Gras, ohne Konservierungsstoffe, Zusatzstoffe oder Farbstoffe.\",\"breadcrumb\":{\"@id\":\"https:\\\/\\\/relaisgourmet.com\\\/de\\\/versand-ruecksendungen\\\/#breadcrumb\"},\"inLanguage\":\"de\",\"potentialAction\":[{\"@type\":\"ReadAction\",\"target\":[\"https:\\\/\\\/relaisgourmet.com\\\/de\\\/versand-ruecksendungen\\\/\"]}]},{\"@type\":\"BreadcrumbList\",\"@id\":\"https:\\\/\\\/relaisgourmet.com\\\/de\\\/versand-ruecksendungen\\\/#breadcrumb\",\"itemListElement\":[{\"@type\":\"ListItem\",\"position\":1,\"name\":\"Startseite\",\"item\":\"https:\\\/\\\/relaisgourmet.com\\\/de\\\/\"},{\"@type\":\"ListItem\",\"position\":2,\"name\":\"Versand &amp; R\u00fccksendungen\"}]},{\"@type\":\"WebSite\",\"@id\":\"https:\\\/\\\/relaisgourmet.com\\\/de\\\/#website\",\"url\":\"https:\\\/\\\/relaisgourmet.com\\\/de\\\/\",\"name\":\"Relais Gourmet\",\"description\":\"Maison Gastronomique au Pays-Basque Depuis 2004\",\"publisher\":{\"@id\":\"https:\\\/\\\/relaisgourmet.com\\\/de\\\/#organization\"},\"potentialAction\":[{\"@type\":\"SearchAction\",\"target\":{\"@type\":\"EntryPoint\",\"urlTemplate\":\"https:\\\/\\\/relaisgourmet.com\\\/de\\\/?s={search_term_string}\"},\"query-input\":{\"@type\":\"PropertyValueSpecification\",\"valueRequired\":true,\"valueName\":\"search_term_string\"}}],\"inLanguage\":\"de\"},{\"@type\":\"Organization\",\"@id\":\"https:\\\/\\\/relaisgourmet.com\\\/de\\\/#organization\",\"name\":\"Relais Gourmet\",\"url\":\"https:\\\/\\\/relaisgourmet.com\\\/de\\\/\",\"logo\":{\"@type\":\"ImageObject\",\"inLanguage\":\"de\",\"@id\":\"https:\\\/\\\/relaisgourmet.com\\\/de\\\/#\\\/schema\\\/logo\\\/image\\\/\",\"url\":\"https:\\\/\\\/relaisgourmet.com\\\/wp-content\\\/uploads\\\/2024\\\/11\\\/Diseno-sin-titulo-8.jpg\",\"contentUrl\":\"https:\\\/\\\/relaisgourmet.com\\\/wp-content\\\/uploads\\\/2024\\\/11\\\/Diseno-sin-titulo-8.jpg\",\"width\":500,\"height\":500,\"caption\":\"Relais Gourmet\"},\"image\":{\"@id\":\"https:\\\/\\\/relaisgourmet.com\\\/de\\\/#\\\/schema\\\/logo\\\/image\\\/\"},\"sameAs\":[\"https:\\\/\\\/facebook.com\\\/yoast\",\"https:\\\/\\\/instagram.com\\\/yoast\"]}]}<\/script>\n<!-- \/ Yoast SEO Premium plugin. -->","yoast_head_json":{"title":"Versand &amp; R\u00fccksendungen","description":"Schnelle und sichere Lieferung. R\u00fccksendungen innerhalb von 15 Tagen. Entdecken Sie unser 100% franz\u00f6sisches Foie Gras, ohne Konservierungsstoffe, Zusatzstoffe oder Farbstoffe.","robots":{"index":"index","follow":"follow","max-snippet":"max-snippet:-1","max-image-preview":"max-image-preview:large","max-video-preview":"max-video-preview:-1"},"canonical":"https:\/\/relaisgourmet.com\/de\/versand-ruecksendungen\/","og_locale":"de_DE","og_type":"article","og_title":"Versand &amp; R\u00fccksendungen","og_description":"Schnelle und sichere Lieferung. R\u00fccksendungen innerhalb von 15 Tagen. Entdecken Sie unser 100% franz\u00f6sisches Foie Gras, ohne Konservierungsstoffe, Zusatzstoffe oder Farbstoffe.","og_url":"https:\/\/relaisgourmet.com\/de\/versand-ruecksendungen\/","og_site_name":"Relais Gourmet","article_publisher":"https:\/\/facebook.com\/yoast","article_modified_time":"2025-02-17T10:40:56+00:00","twitter_card":"summary_large_image","twitter_misc":{"Gesch\u00e4tzte Lesezeit":"2\u00a0Minute"},"schema":{"@context":"https:\/\/schema.org","@graph":[{"@type":"WebPage","@id":"https:\/\/relaisgourmet.com\/de\/versand-ruecksendungen\/","url":"https:\/\/relaisgourmet.com\/de\/versand-ruecksendungen\/","name":"Versand &amp; R\u00fccksendungen","isPartOf":{"@id":"https:\/\/relaisgourmet.com\/de\/#website"},"datePublished":"2019-09-25T05:16:55+00:00","dateModified":"2025-02-17T10:40:56+00:00","description":"Schnelle und sichere Lieferung. R\u00fccksendungen innerhalb von 15 Tagen. Entdecken Sie unser 100% franz\u00f6sisches Foie Gras, ohne Konservierungsstoffe, Zusatzstoffe oder Farbstoffe.","breadcrumb":{"@id":"https:\/\/relaisgourmet.com\/de\/versand-ruecksendungen\/#breadcrumb"},"inLanguage":"de","potentialAction":[{"@type":"ReadAction","target":["https:\/\/relaisgourmet.com\/de\/versand-ruecksendungen\/"]}]},{"@type":"BreadcrumbList","@id":"https:\/\/relaisgourmet.com\/de\/versand-ruecksendungen\/#breadcrumb","itemListElement":[{"@type":"ListItem","position":1,"name":"Startseite","item":"https:\/\/relaisgourmet.com\/de\/"},{"@type":"ListItem","position":2,"name":"Versand &amp; R\u00fccksendungen"}]},{"@type":"WebSite","@id":"https:\/\/relaisgourmet.com\/de\/#website","url":"https:\/\/relaisgourmet.com\/de\/","name":"Relais Gourmet","description":"Maison Gastronomique au Pays-Basque Depuis 2004","publisher":{"@id":"https:\/\/relaisgourmet.com\/de\/#organization"},"potentialAction":[{"@type":"SearchAction","target":{"@type":"EntryPoint","urlTemplate":"https:\/\/relaisgourmet.com\/de\/?s={search_term_string}"},"query-input":{"@type":"PropertyValueSpecification","valueRequired":true,"valueName":"search_term_string"}}],"inLanguage":"de"},{"@type":"Organization","@id":"https:\/\/relaisgourmet.com\/de\/#organization","name":"Relais Gourmet","url":"https:\/\/relaisgourmet.com\/de\/","logo":{"@type":"ImageObject","inLanguage":"de","@id":"https:\/\/relaisgourmet.com\/de\/#\/schema\/logo\/image\/","url":"https:\/\/relaisgourmet.com\/wp-content\/uploads\/2024\/11\/Diseno-sin-titulo-8.jpg","contentUrl":"https:\/\/relaisgourmet.com\/wp-content\/uploads\/2024\/11\/Diseno-sin-titulo-8.jpg","width":500,"height":500,"caption":"Relais Gourmet"},"image":{"@id":"https:\/\/relaisgourmet.com\/de\/#\/schema\/logo\/image\/"},"sameAs":["https:\/\/facebook.com\/yoast","https:\/\/instagram.com\/yoast"]}]}},"_links":{"self":[{"href":"https:\/\/relaisgourmet.com\/de\/wp-json\/wp\/v2\/pages\/54156","targetHints":{"allow":["GET"]}}],"collection":[{"href":"https:\/\/relaisgourmet.com\/de\/wp-json\/wp\/v2\/pages"}],"about":[{"href":"https:\/\/relaisgourmet.com\/de\/wp-json\/wp\/v2\/types\/page"}],"author":[{"embeddable":true,"href":"https:\/\/relaisgourmet.com\/de\/wp-json\/wp\/v2\/users\/1"}],"replies":[{"embeddable":true,"href":"https:\/\/relaisgourmet.com\/de\/wp-json\/wp\/v2\/comments?post=54156"}],"version-history":[{"count":1,"href":"https:\/\/relaisgourmet.com\/de\/wp-json\/wp\/v2\/pages\/54156\/revisions"}],"predecessor-version":[{"id":54157,"href":"https:\/\/relaisgourmet.com\/de\/wp-json\/wp\/v2\/pages\/54156\/revisions\/54157"}],"wp:attachment":[{"href":"https:\/\/relaisgourmet.com\/de\/wp-json\/wp\/v2\/media?parent=54156"}],"curies":[{"name":"wp","href":"https:\/\/api.w.org\/{rel}","templated":true}]}}