{"id":43899,"date":"2020-04-30T12:58:04","date_gmt":"2020-04-30T10:58:04","guid":{"rendered":"https:\/\/relaisgourmet.com\/recettes-de-foies-gras\/"},"modified":"2025-04-09T23:27:38","modified_gmt":"2025-04-09T21:27:38","slug":"rezepte-fuer-foie-gras","status":"publish","type":"page","link":"https:\/\/relaisgourmet.com\/de\/rezepte-fuer-foie-gras\/","title":{"rendered":"Rezepte f\u00fcr Foie Gras"},"content":{"rendered":"\t\t<div data-elementor-type=\"wp-page\" data-elementor-id=\"43899\" class=\"elementor elementor-43899 elementor-33979\" data-elementor-post-type=\"page\">\n\t\t\t\t<div class=\"elementor-element elementor-element-d6d0253 e-flex e-con-boxed e-con e-parent\" data-id=\"d6d0253\" data-element_type=\"container\" data-settings=\"{&quot;background_background&quot;:&quot;classic&quot;}\">\n\t\t\t\t\t<div class=\"e-con-inner\">\n\t\t\t\t<div class=\"elementor-element elementor-element-1238d2a elementor-widget elementor-widget-woocommerce-breadcrumb\" data-id=\"1238d2a\" data-element_type=\"widget\" data-widget_type=\"woocommerce-breadcrumb.default\">\n\t\t\t\t<div class=\"elementor-widget-container\">\n\t\t\t\t\t<nav class=\"woocommerce-breadcrumb\" aria-label=\"Breadcrumb\">Startseite<\/nav>\t\t\t\t<\/div>\n\t\t\t\t<\/div>\n\t\t\t\t\t<\/div>\n\t\t\t\t<\/div>\n\t\t<div class=\"elementor-element elementor-element-1793ec e-flex e-con-boxed e-con e-parent\" data-id=\"1793ec\" data-element_type=\"container\">\n\t\t\t\t\t<div class=\"e-con-inner\">\n\t\t\t\t<div class=\"elementor-element elementor-element-11ff8941 elementor-widget elementor-widget-text-editor\" data-id=\"11ff8941\" data-element_type=\"widget\" data-widget_type=\"text-editor.default\">\n\t\t\t\t<div class=\"elementor-widget-container\">\n\t\t\t\t\t\t\t\t\t<h1>Rezepte f\u00fcr Foie Grases<\/h1>\n<p>Noch mehr Foie Gras-Rezepte und andere kulinarische Exklusivprodukte von Relais Gourmet finden Sie bei uns<span style=\"text-decoration: underline;\"><a href=\"https:\/\/relaisgourmet.com\/categorie-produit\/ebook-foie-gras-pays-basque\/\">\u00a0e-books<\/a><\/span>\u00a0!<\/p>\t\t\t\t\t\t\t\t<\/div>\n\t\t\t\t<\/div>\n\t\t\t\t<div class=\"elementor-element elementor-element-d241a53 elementor-grid-3 elementor-grid-tablet-2 elementor-grid-mobile-1 elementor-posts--thumbnail-top elementor-widget elementor-widget-posts\" data-id=\"d241a53\" data-element_type=\"widget\" data-settings=\"{&quot;classic_row_gap&quot;:{&quot;unit&quot;:&quot;px&quot;,&quot;size&quot;:25,&quot;sizes&quot;:[]},&quot;pagination_type&quot;:&quot;load_more_infinite_scroll&quot;,&quot;classic_columns&quot;:&quot;3&quot;,&quot;classic_columns_tablet&quot;:&quot;2&quot;,&quot;classic_columns_mobile&quot;:&quot;1&quot;,&quot;classic_row_gap_widescreen&quot;:{&quot;unit&quot;:&quot;px&quot;,&quot;size&quot;:&quot;&quot;,&quot;sizes&quot;:[]},&quot;classic_row_gap_tablet&quot;:{&quot;unit&quot;:&quot;px&quot;,&quot;size&quot;:&quot;&quot;,&quot;sizes&quot;:[]},&quot;classic_row_gap_mobile&quot;:{&quot;unit&quot;:&quot;px&quot;,&quot;size&quot;:&quot;&quot;,&quot;sizes&quot;:[]},&quot;load_more_spinner&quot;:{&quot;value&quot;:&quot;fas fa-spinner&quot;,&quot;library&quot;:&quot;fa-solid&quot;}}\" data-widget_type=\"posts.classic\">\n\t\t\t\t<div class=\"elementor-widget-container\">\n\t\t\t\t\t\t\t<div class=\"elementor-posts-container elementor-posts elementor-posts--skin-classic elementor-grid\" role=\"list\">\n\t\t\t\t<article class=\"elementor-post elementor-grid-item post-43372 post type-post status-publish format-standard has-post-thumbnail hentry category-informations-de category-rezepte\" role=\"listitem\">\n\t\t\t\t<a class=\"elementor-post__thumbnail__link\" href=\"https:\/\/relaisgourmet.com\/de\/verkostungstipps\/\" tabindex=\"-1\" >\n\t\t\t<div class=\"elementor-post__thumbnail\"><img decoding=\"async\" width=\"562\" height=\"577\" src=\"https:\/\/relaisgourmet.com\/wp-content\/uploads\/2024\/09\/tartine-foie-gras-1.png\" class=\"attachment-full size-full wp-image-37631\" alt=\"\" srcset=\"https:\/\/relaisgourmet.com\/wp-content\/uploads\/2024\/09\/tartine-foie-gras-1.png 562w, https:\/\/relaisgourmet.com\/wp-content\/uploads\/2024\/09\/tartine-foie-gras-1-292x300.png 292w\" sizes=\"(max-width: 562px) 100vw, 562px\" \/><\/div>\n\t\t<\/a>\n\t\t\t\t<div class=\"elementor-post__text\">\n\t\t\t\t<h3 class=\"elementor-post__title\">\n\t\t\t<a href=\"https:\/\/relaisgourmet.com\/de\/verkostungstipps\/\" >\n\t\t\t\tVerkostungstipps\t\t\t<\/a>\n\t\t<\/h3>\n\t\t\t\t<div class=\"elementor-post__meta-data\">\n\t\t\t\t\t<span class=\"elementor-post-date\">\n\t\t\tAugust 2, 2024\t\t<\/span>\n\t\t\t\t<span class=\"elementor-post-avatar\">\n\t\t\tKeine Kommentare\t\t<\/span>\n\t\t\t\t<\/div>\n\t\t\t\t<div class=\"elementor-post__excerpt\">\n\t\t\t<p>Verkostungstipps Vorbereitung: Legen Sie Ihre Foie Gras eine Stunde vor dem Servieren in den K\u00fchlschrank, um sie etwas zu festigen (Sie k\u00f6nnen sie vor dem Einlegen in den K\u00fchlschrank aus<\/p>\n\t\t<\/div>\n\t\t\t\t\t<div class=\"elementor-post__read-more-wrapper\">\n\t\t\n\t\t<a class=\"elementor-post__read-more\" href=\"https:\/\/relaisgourmet.com\/de\/verkostungstipps\/\" aria-label=\"Mehr \u00fcber Verkostungstipps\" tabindex=\"-1\" >\n\t\t\tLesen Sie das Rezept \u00bb\t\t<\/a>\n\n\t\t\t\t\t<\/div>\n\t\t\t\t<\/div>\n\t\t\t\t<\/article>\n\t\t\t\t<article class=\"elementor-post elementor-grid-item post-43370 post type-post status-publish format-standard has-post-thumbnail hentry category-rezepte\" role=\"listitem\">\n\t\t\t\t<a class=\"elementor-post__thumbnail__link\" href=\"https:\/\/relaisgourmet.com\/de\/die-farandole-von-gemuese-und-fruechten-mit-foie-gras\/\" tabindex=\"-1\" >\n\t\t\t<div class=\"elementor-post__thumbnail\"><img decoding=\"async\" width=\"371\" height=\"442\" src=\"https:\/\/relaisgourmet.com\/wp-content\/uploads\/2024\/09\/farandole-de-foie-gras.png\" class=\"attachment-full size-full wp-image-37623\" alt=\"\" srcset=\"https:\/\/relaisgourmet.com\/wp-content\/uploads\/2024\/09\/farandole-de-foie-gras.png 371w, https:\/\/relaisgourmet.com\/wp-content\/uploads\/2024\/09\/farandole-de-foie-gras-252x300.png 252w\" sizes=\"(max-width: 371px) 100vw, 371px\" \/><\/div>\n\t\t<\/a>\n\t\t\t\t<div class=\"elementor-post__text\">\n\t\t\t\t<h3 class=\"elementor-post__title\">\n\t\t\t<a href=\"https:\/\/relaisgourmet.com\/de\/die-farandole-von-gemuese-und-fruechten-mit-foie-gras\/\" >\n\t\t\t\tDie Farandole von Gem\u00fcse und Fr\u00fcchten mit Foie Gras\t\t\t<\/a>\n\t\t<\/h3>\n\t\t\t\t<div class=\"elementor-post__meta-data\">\n\t\t\t\t\t<span class=\"elementor-post-date\">\n\t\t\tJuni 26, 2024\t\t<\/span>\n\t\t\t\t<span class=\"elementor-post-avatar\">\n\t\t\tKeine Kommentare\t\t<\/span>\n\t\t\t\t<\/div>\n\t\t\t\t<div class=\"elementor-post__excerpt\">\n\t\t\t<p>Die Farandole von Gem\u00fcse und Fr\u00fcchten mit Foie Gras Zubereitungszeit: 10 Minuten. F\u00fcr 3 Personen Zutaten 250 g verzehrfertige ganze Foie Gras bereitstellen. Melone oder Mango, Radieschen, Selleriestangen, gelbe und<\/p>\n\t\t<\/div>\n\t\t\t\t\t<div class=\"elementor-post__read-more-wrapper\">\n\t\t\n\t\t<a class=\"elementor-post__read-more\" href=\"https:\/\/relaisgourmet.com\/de\/die-farandole-von-gemuese-und-fruechten-mit-foie-gras\/\" aria-label=\"Mehr \u00fcber Die Farandole von Gem\u00fcse und Fr\u00fcchten mit Foie Gras\" tabindex=\"-1\" >\n\t\t\tLesen Sie das Rezept \u00bb\t\t<\/a>\n\n\t\t\t\t\t<\/div>\n\t\t\t\t<\/div>\n\t\t\t\t<\/article>\n\t\t\t\t<article class=\"elementor-post elementor-grid-item post-43369 post type-post status-publish format-standard has-post-thumbnail hentry category-rezepte\" role=\"listitem\">\n\t\t\t\t<a class=\"elementor-post__thumbnail__link\" href=\"https:\/\/relaisgourmet.com\/de\/mini-burger-mit-foie-gras-und-entenbrust\/\" tabindex=\"-1\" >\n\t\t\t<div class=\"elementor-post__thumbnail\"><img decoding=\"async\" width=\"470\" height=\"280\" src=\"https:\/\/relaisgourmet.com\/wp-content\/uploads\/2024\/09\/burger-foie-gras-recette-e1719386658956.jpg\" class=\"attachment-full size-full wp-image-37616\" alt=\"Mini-Burger\" srcset=\"https:\/\/relaisgourmet.com\/wp-content\/uploads\/2024\/09\/burger-foie-gras-recette-e1719386658956.jpg 470w, https:\/\/relaisgourmet.com\/wp-content\/uploads\/2024\/09\/burger-foie-gras-recette-e1719386658956-300x179.jpg 300w\" sizes=\"(max-width: 470px) 100vw, 470px\" \/><\/div>\n\t\t<\/a>\n\t\t\t\t<div class=\"elementor-post__text\">\n\t\t\t\t<h3 class=\"elementor-post__title\">\n\t\t\t<a href=\"https:\/\/relaisgourmet.com\/de\/mini-burger-mit-foie-gras-und-entenbrust\/\" >\n\t\t\t\tMini-Burger mit Foie Gras und Entenbrust\t\t\t<\/a>\n\t\t<\/h3>\n\t\t\t\t<div class=\"elementor-post__meta-data\">\n\t\t\t\t\t<span class=\"elementor-post-date\">\n\t\t\tJuni 26, 2024\t\t<\/span>\n\t\t\t\t<span class=\"elementor-post-avatar\">\n\t\t\tKeine Kommentare\t\t<\/span>\n\t\t\t\t<\/div>\n\t\t\t\t<div class=\"elementor-post__excerpt\">\n\t\t\t<p>Mini-Burger mit Foie Gras und Entenbrust Zubereitungszeit: 15 Minuten 4 Personen Zutaten \u2022 200g Foie Gras \u2022 12 d\u00fcnne Scheiben ger\u00e4ucherte Entenbrust \u2022 12 Mini-Burgerbr\u00f6tchen oder 4 Burgerbr\u00f6tchen \u2022 1<\/p>\n\t\t<\/div>\n\t\t\t\t\t<div class=\"elementor-post__read-more-wrapper\">\n\t\t\n\t\t<a class=\"elementor-post__read-more\" href=\"https:\/\/relaisgourmet.com\/de\/mini-burger-mit-foie-gras-und-entenbrust\/\" aria-label=\"Mehr \u00fcber Mini-Burger mit Foie Gras und Entenbrust\" tabindex=\"-1\" >\n\t\t\tLesen Sie das Rezept \u00bb\t\t<\/a>\n\n\t\t\t\t\t<\/div>\n\t\t\t\t<\/div>\n\t\t\t\t<\/article>\n\t\t\t\t<article class=\"elementor-post elementor-grid-item post-43361 post type-post status-publish format-standard has-post-thumbnail hentry category-rezepte\" role=\"listitem\">\n\t\t\t\t<a class=\"elementor-post__thumbnail__link\" href=\"https:\/\/relaisgourmet.com\/de\/chantilly-von-gaenseleber-mit-lebkuchenklecksen\/\" tabindex=\"-1\" >\n\t\t\t<div class=\"elementor-post__thumbnail\"><img decoding=\"async\" width=\"1080\" height=\"1080\" src=\"https:\/\/relaisgourmet.com\/wp-content\/uploads\/2024\/09\/RG-MARTED.jpg\" class=\"attachment-full size-full wp-image-37521\" alt=\"recette facile\" srcset=\"https:\/\/relaisgourmet.com\/wp-content\/uploads\/2024\/09\/RG-MARTED.jpg 1080w, https:\/\/relaisgourmet.com\/wp-content\/uploads\/2024\/09\/RG-MARTED-300x300.jpg 300w, https:\/\/relaisgourmet.com\/wp-content\/uploads\/2024\/09\/RG-MARTED-1024x1024.jpg 1024w, https:\/\/relaisgourmet.com\/wp-content\/uploads\/2024\/09\/RG-MARTED-150x150.jpg 150w, https:\/\/relaisgourmet.com\/wp-content\/uploads\/2024\/09\/RG-MARTED-768x768.jpg 768w, https:\/\/relaisgourmet.com\/wp-content\/uploads\/2024\/09\/RG-MARTED-600x600.jpg 600w, https:\/\/relaisgourmet.com\/wp-content\/uploads\/2024\/09\/RG-MARTED-100x100.jpg 100w\" sizes=\"(max-width: 1080px) 100vw, 1080px\" \/><\/div>\n\t\t<\/a>\n\t\t\t\t<div class=\"elementor-post__text\">\n\t\t\t\t<h3 class=\"elementor-post__title\">\n\t\t\t<a href=\"https:\/\/relaisgourmet.com\/de\/chantilly-von-gaenseleber-mit-lebkuchenklecksen\/\" >\n\t\t\t\tChantilly von G\u00e4nseleber mit Lebkuchenklecksen\t\t\t<\/a>\n\t\t<\/h3>\n\t\t\t\t<div class=\"elementor-post__meta-data\">\n\t\t\t\t\t<span class=\"elementor-post-date\">\n\t\t\tNovember 29, 2022\t\t<\/span>\n\t\t\t\t<span class=\"elementor-post-avatar\">\n\t\t\tKeine Kommentare\t\t<\/span>\n\t\t\t\t<\/div>\n\t\t\t\t<div class=\"elementor-post__excerpt\">\n\t\t\t<p>Holen Sie das gro\u00dfe Spiel aus dem Aperitif heraus mit einem Rezept, das eines gro\u00dfen Kochs w\u00fcrdig ist und sehr einfach zuzubereiten ist! Sie brauchen nicht mehr als 4 Zutaten,<\/p>\n\t\t<\/div>\n\t\t\t\t\t<div class=\"elementor-post__read-more-wrapper\">\n\t\t\n\t\t<a class=\"elementor-post__read-more\" href=\"https:\/\/relaisgourmet.com\/de\/chantilly-von-gaenseleber-mit-lebkuchenklecksen\/\" aria-label=\"Mehr \u00fcber Chantilly von G\u00e4nseleber mit Lebkuchenklecksen\" tabindex=\"-1\" >\n\t\t\tLesen Sie das Rezept \u00bb\t\t<\/a>\n\n\t\t\t\t\t<\/div>\n\t\t\t\t<\/div>\n\t\t\t\t<\/article>\n\t\t\t\t<article class=\"elementor-post elementor-grid-item post-43353 post type-post status-publish format-standard has-post-thumbnail hentry category-rezepte\" role=\"listitem\">\n\t\t\t\t<a class=\"elementor-post__thumbnail__link\" href=\"https:\/\/relaisgourmet.com\/de\/gefuellte-champignons\/\" tabindex=\"-1\" >\n\t\t\t<div class=\"elementor-post__thumbnail\"><img decoding=\"async\" width=\"1080\" height=\"1080\" src=\"https:\/\/relaisgourmet.com\/wp-content\/uploads\/2024\/09\/\u00a9cuisineaz.png\" class=\"attachment-full size-full wp-image-37411\" alt=\"Foie Gras Relais Gourmet\" srcset=\"https:\/\/relaisgourmet.com\/wp-content\/uploads\/2024\/09\/\u00a9cuisineaz.png 1080w, https:\/\/relaisgourmet.com\/wp-content\/uploads\/2024\/09\/\u00a9cuisineaz-300x300.png 300w, https:\/\/relaisgourmet.com\/wp-content\/uploads\/2024\/09\/\u00a9cuisineaz-1024x1024.png 1024w, https:\/\/relaisgourmet.com\/wp-content\/uploads\/2024\/09\/\u00a9cuisineaz-150x150.png 150w, https:\/\/relaisgourmet.com\/wp-content\/uploads\/2024\/09\/\u00a9cuisineaz-768x768.png 768w, https:\/\/relaisgourmet.com\/wp-content\/uploads\/2024\/09\/\u00a9cuisineaz-600x600.png 600w, https:\/\/relaisgourmet.com\/wp-content\/uploads\/2024\/09\/\u00a9cuisineaz-100x100.png 100w\" sizes=\"(max-width: 1080px) 100vw, 1080px\" \/><\/div>\n\t\t<\/a>\n\t\t\t\t<div class=\"elementor-post__text\">\n\t\t\t\t<h3 class=\"elementor-post__title\">\n\t\t\t<a href=\"https:\/\/relaisgourmet.com\/de\/gefuellte-champignons\/\" >\n\t\t\t\tGef\u00fcllte champignons\t\t\t<\/a>\n\t\t<\/h3>\n\t\t\t\t<div class=\"elementor-post__meta-data\">\n\t\t\t\t\t<span class=\"elementor-post-date\">\n\t\t\tM\u00e4rz 14, 2022\t\t<\/span>\n\t\t\t\t<span class=\"elementor-post-avatar\">\n\t\t\tKeine Kommentare\t\t<\/span>\n\t\t\t\t<\/div>\n\t\t\t\t<div class=\"elementor-post__excerpt\">\n\t\t\t<p>Dauer: 30 Min. F\u00fcr 4 Personen Schwierigkeit: 1\/5 Zutaten: &#13; 8 gro\u00dfk\u00f6pfige Champignons. &#13; 150g Champignons. &#13; 30 g Butter. &#13; 100 g Austernpilze. &#13; 2 Schalotten. &#13; 2 Essl\u00f6ffel<\/p>\n\t\t<\/div>\n\t\t\t\t\t<div class=\"elementor-post__read-more-wrapper\">\n\t\t\n\t\t<a class=\"elementor-post__read-more\" href=\"https:\/\/relaisgourmet.com\/de\/gefuellte-champignons\/\" aria-label=\"Mehr \u00fcber Gef\u00fcllte champignons\" tabindex=\"-1\" >\n\t\t\tLesen Sie das Rezept \u00bb\t\t<\/a>\n\n\t\t\t\t\t<\/div>\n\t\t\t\t<\/div>\n\t\t\t\t<\/article>\n\t\t\t\t<article class=\"elementor-post elementor-grid-item post-43349 post type-post status-publish format-standard has-post-thumbnail hentry category-rezepte\" role=\"listitem\">\n\t\t\t\t<a class=\"elementor-post__thumbnail__link\" href=\"https:\/\/relaisgourmet.com\/de\/creme-brulee-mit-gaensestopfleber\/\" tabindex=\"-1\" >\n\t\t\t<div class=\"elementor-post__thumbnail\"><img decoding=\"async\" width=\"1920\" height=\"1079\" src=\"https:\/\/relaisgourmet.com\/wp-content\/uploads\/2024\/09\/creme-brulee-4757181_1920.jpg\" class=\"attachment-full size-full wp-image-37430\" alt=\"Foie Gras y aperitivos Relais Gorumet\" srcset=\"https:\/\/relaisgourmet.com\/wp-content\/uploads\/2024\/09\/creme-brulee-4757181_1920.jpg 1920w, https:\/\/relaisgourmet.com\/wp-content\/uploads\/2024\/09\/creme-brulee-4757181_1920-300x169.jpg 300w, https:\/\/relaisgourmet.com\/wp-content\/uploads\/2024\/09\/creme-brulee-4757181_1920-1024x575.jpg 1024w, https:\/\/relaisgourmet.com\/wp-content\/uploads\/2024\/09\/creme-brulee-4757181_1920-768x432.jpg 768w, https:\/\/relaisgourmet.com\/wp-content\/uploads\/2024\/09\/creme-brulee-4757181_1920-1536x863.jpg 1536w, https:\/\/relaisgourmet.com\/wp-content\/uploads\/2024\/09\/creme-brulee-4757181_1920-600x337.jpg 600w\" sizes=\"(max-width: 1920px) 100vw, 1920px\" \/><\/div>\n\t\t<\/a>\n\t\t\t\t<div class=\"elementor-post__text\">\n\t\t\t\t<h3 class=\"elementor-post__title\">\n\t\t\t<a href=\"https:\/\/relaisgourmet.com\/de\/creme-brulee-mit-gaensestopfleber\/\" >\n\t\t\t\tCr\u00e8me br\u00fbl\u00e9e mit g\u00e4nsestopfleber\t\t\t<\/a>\n\t\t<\/h3>\n\t\t\t\t<div class=\"elementor-post__meta-data\">\n\t\t\t\t\t<span class=\"elementor-post-date\">\n\t\t\tM\u00e4rz 7, 2022\t\t<\/span>\n\t\t\t\t<span class=\"elementor-post-avatar\">\n\t\t\tKeine Kommentare\t\t<\/span>\n\t\t\t\t<\/div>\n\t\t\t\t<div class=\"elementor-post__excerpt\">\n\t\t\t<p>Stopfleber ist nicht nur f\u00fcr die Feiertage, man kann es das ganze Jahr \u00fcber essen, auch wenn es ein Luxusprodukt bleibt. Er kann durch eine Cr\u00e8me br\u00fbl\u00e9e verfeinert werden, es<\/p>\n\t\t<\/div>\n\t\t\t\t\t<div class=\"elementor-post__read-more-wrapper\">\n\t\t\n\t\t<a class=\"elementor-post__read-more\" href=\"https:\/\/relaisgourmet.com\/de\/creme-brulee-mit-gaensestopfleber\/\" aria-label=\"Mehr \u00fcber Cr\u00e8me br\u00fbl\u00e9e mit g\u00e4nsestopfleber\" tabindex=\"-1\" >\n\t\t\tLesen Sie das Rezept \u00bb\t\t<\/a>\n\n\t\t\t\t\t<\/div>\n\t\t\t\t<\/div>\n\t\t\t\t<\/article>\n\t\t\t\t<\/div>\n\t\t\t\t\t<span class=\"e-load-more-spinner\">\n\t\t\t\t<svg aria-hidden=\"true\" class=\"e-font-icon-svg e-fas-spinner\" viewBox=\"0 0 512 512\" xmlns=\"http:\/\/www.w3.org\/2000\/svg\"><path d=\"M304 48c0 26.51-21.49 48-48 48s-48-21.49-48-48 21.49-48 48-48 48 21.49 48 48zm-48 368c-26.51 0-48 21.49-48 48s21.49 48 48 48 48-21.49 48-48-21.49-48-48-48zm208-208c-26.51 0-48 21.49-48 48s21.49 48 48 48 48-21.49 48-48-21.49-48-48-48zM96 256c0-26.51-21.49-48-48-48S0 229.49 0 256s21.49 48 48 48 48-21.49 48-48zm12.922 99.078c-26.51 0-48 21.49-48 48s21.49 48 48 48 48-21.49 48-48c0-26.509-21.491-48-48-48zm294.156 0c-26.51 0-48 21.49-48 48s21.49 48 48 48 48-21.49 48-48c0-26.509-21.49-48-48-48zM108.922 60.922c-26.51 0-48 21.49-48 48s21.49 48 48 48 48-21.49 48-48-21.491-48-48-48z\"><\/path><\/svg>\t\t\t<\/span>\n\t\t\n\t\t\t\t<div class=\"e-load-more-anchor\" data-page=\"1\" data-max-page=\"2\" data-next-page=\"https:\/\/relaisgourmet.com\/de\/wp-json\/wp\/v2\/pages\/43899\/page\/2\/\"><\/div>\n\t\t\t\t<div class=\"e-load-more-message\"><\/div>\n\t\t\t\t\t\t<\/div>\n\t\t\t\t<\/div>\n\t\t\t\t\t<\/div>\n\t\t\t\t<\/div>\n\t\t\t\t<\/div>\n\t\t","protected":false},"excerpt":{"rendered":"<p>Rezepte f\u00fcr Foie Grases Noch mehr Foie Gras-Rezepte und andere kulinarische Exklusivprodukte von Relais Gourmet finden Sie bei uns\u00a0e-books\u00a0!<\/p>\n","protected":false},"author":1,"featured_media":0,"parent":0,"menu_order":0,"comment_status":"open","ping_status":"closed","template":"elementor_header_footer","meta":{"footnotes":""},"class_list":["post-43899","page","type-page","status-publish","hentry"],"yoast_head":"<!-- This site is optimized with the Yoast SEO Premium plugin v27.0 (Yoast SEO v27.3) - https:\/\/yoast.com\/product\/yoast-seo-premium-wordpress\/ -->\n<title>Recettes Foies Gras et Ap\u00e9ros Gourmet<\/title>\n<meta name=\"description\" content=\"D\u00e9couvrez notre blog avec tous nos recettes de Foies Gras. Vin, accompagnement, sublimez ce produits ce produits d&#039;exception.\" \/>\n<meta name=\"robots\" content=\"index, follow, max-snippet:-1, max-image-preview:large, max-video-preview:-1\" \/>\n<link rel=\"canonical\" href=\"https:\/\/relaisgourmet.com\/de\/rezepte-fuer-foie-gras\/\" \/>\n<meta property=\"og:locale\" content=\"de_DE\" \/>\n<meta property=\"og:type\" content=\"article\" \/>\n<meta property=\"og:title\" content=\"Rezepte f\u00fcr Foie Gras\" \/>\n<meta property=\"og:description\" content=\"D\u00e9couvrez notre blog avec tous nos recettes de Foies Gras. Vin, accompagnement, sublimez ce produits ce produits d&#039;exception.\" \/>\n<meta property=\"og:url\" content=\"https:\/\/relaisgourmet.com\/de\/rezepte-fuer-foie-gras\/\" \/>\n<meta property=\"og:site_name\" content=\"Relais Gourmet\" \/>\n<meta property=\"article:publisher\" content=\"https:\/\/facebook.com\/yoast\" \/>\n<meta property=\"article:modified_time\" content=\"2025-04-09T21:27:38+00:00\" \/>\n<meta name=\"twitter:card\" content=\"summary_large_image\" \/>\n<meta name=\"twitter:label1\" content=\"Gesch\u00e4tzte Lesezeit\" \/>\n\t<meta name=\"twitter:data1\" content=\"1\u00a0Minute\" \/>\n<script type=\"application\/ld+json\" class=\"yoast-schema-graph\">{\"@context\":\"https:\\\/\\\/schema.org\",\"@graph\":[{\"@type\":\"WebPage\",\"@id\":\"https:\\\/\\\/relaisgourmet.com\\\/de\\\/rezepte-fuer-foie-gras\\\/\",\"url\":\"https:\\\/\\\/relaisgourmet.com\\\/de\\\/rezepte-fuer-foie-gras\\\/\",\"name\":\"Recettes Foies Gras et Ap\u00e9ros Gourmet\",\"isPartOf\":{\"@id\":\"https:\\\/\\\/relaisgourmet.com\\\/de\\\/#website\"},\"datePublished\":\"2020-04-30T10:58:04+00:00\",\"dateModified\":\"2025-04-09T21:27:38+00:00\",\"description\":\"D\u00e9couvrez notre blog avec tous nos recettes de Foies Gras. Vin, accompagnement, sublimez ce produits ce produits d'exception.\",\"breadcrumb\":{\"@id\":\"https:\\\/\\\/relaisgourmet.com\\\/de\\\/rezepte-fuer-foie-gras\\\/#breadcrumb\"},\"inLanguage\":\"de\",\"potentialAction\":[{\"@type\":\"ReadAction\",\"target\":[\"https:\\\/\\\/relaisgourmet.com\\\/de\\\/rezepte-fuer-foie-gras\\\/\"]}]},{\"@type\":\"BreadcrumbList\",\"@id\":\"https:\\\/\\\/relaisgourmet.com\\\/de\\\/rezepte-fuer-foie-gras\\\/#breadcrumb\",\"itemListElement\":[{\"@type\":\"ListItem\",\"position\":1,\"name\":\"Startseite\",\"item\":\"https:\\\/\\\/relaisgourmet.com\\\/de\\\/\"},{\"@type\":\"ListItem\",\"position\":2,\"name\":\"Rezepte f\u00fcr Foie Gras\"}]},{\"@type\":\"WebSite\",\"@id\":\"https:\\\/\\\/relaisgourmet.com\\\/de\\\/#website\",\"url\":\"https:\\\/\\\/relaisgourmet.com\\\/de\\\/\",\"name\":\"Relais Gourmet\",\"description\":\"Maison Gastronomique au Pays-Basque Depuis 2004\",\"publisher\":{\"@id\":\"https:\\\/\\\/relaisgourmet.com\\\/de\\\/#organization\"},\"potentialAction\":[{\"@type\":\"SearchAction\",\"target\":{\"@type\":\"EntryPoint\",\"urlTemplate\":\"https:\\\/\\\/relaisgourmet.com\\\/de\\\/?s={search_term_string}\"},\"query-input\":{\"@type\":\"PropertyValueSpecification\",\"valueRequired\":true,\"valueName\":\"search_term_string\"}}],\"inLanguage\":\"de\"},{\"@type\":\"Organization\",\"@id\":\"https:\\\/\\\/relaisgourmet.com\\\/de\\\/#organization\",\"name\":\"Relais Gourmet\",\"url\":\"https:\\\/\\\/relaisgourmet.com\\\/de\\\/\",\"logo\":{\"@type\":\"ImageObject\",\"inLanguage\":\"de\",\"@id\":\"https:\\\/\\\/relaisgourmet.com\\\/de\\\/#\\\/schema\\\/logo\\\/image\\\/\",\"url\":\"https:\\\/\\\/relaisgourmet.com\\\/wp-content\\\/uploads\\\/2024\\\/11\\\/Diseno-sin-titulo-8.jpg\",\"contentUrl\":\"https:\\\/\\\/relaisgourmet.com\\\/wp-content\\\/uploads\\\/2024\\\/11\\\/Diseno-sin-titulo-8.jpg\",\"width\":500,\"height\":500,\"caption\":\"Relais Gourmet\"},\"image\":{\"@id\":\"https:\\\/\\\/relaisgourmet.com\\\/de\\\/#\\\/schema\\\/logo\\\/image\\\/\"},\"sameAs\":[\"https:\\\/\\\/facebook.com\\\/yoast\",\"https:\\\/\\\/instagram.com\\\/yoast\"]}]}<\/script>\n<!-- \/ Yoast SEO Premium plugin. -->","yoast_head_json":{"title":"Recettes Foies Gras et Ap\u00e9ros Gourmet","description":"D\u00e9couvrez notre blog avec tous nos recettes de Foies Gras. Vin, accompagnement, sublimez ce produits ce produits d'exception.","robots":{"index":"index","follow":"follow","max-snippet":"max-snippet:-1","max-image-preview":"max-image-preview:large","max-video-preview":"max-video-preview:-1"},"canonical":"https:\/\/relaisgourmet.com\/de\/rezepte-fuer-foie-gras\/","og_locale":"de_DE","og_type":"article","og_title":"Rezepte f\u00fcr Foie Gras","og_description":"D\u00e9couvrez notre blog avec tous nos recettes de Foies Gras. Vin, accompagnement, sublimez ce produits ce produits d'exception.","og_url":"https:\/\/relaisgourmet.com\/de\/rezepte-fuer-foie-gras\/","og_site_name":"Relais Gourmet","article_publisher":"https:\/\/facebook.com\/yoast","article_modified_time":"2025-04-09T21:27:38+00:00","twitter_card":"summary_large_image","twitter_misc":{"Gesch\u00e4tzte Lesezeit":"1\u00a0Minute"},"schema":{"@context":"https:\/\/schema.org","@graph":[{"@type":"WebPage","@id":"https:\/\/relaisgourmet.com\/de\/rezepte-fuer-foie-gras\/","url":"https:\/\/relaisgourmet.com\/de\/rezepte-fuer-foie-gras\/","name":"Recettes Foies Gras et Ap\u00e9ros Gourmet","isPartOf":{"@id":"https:\/\/relaisgourmet.com\/de\/#website"},"datePublished":"2020-04-30T10:58:04+00:00","dateModified":"2025-04-09T21:27:38+00:00","description":"D\u00e9couvrez notre blog avec tous nos recettes de Foies Gras. Vin, accompagnement, sublimez ce produits ce produits d'exception.","breadcrumb":{"@id":"https:\/\/relaisgourmet.com\/de\/rezepte-fuer-foie-gras\/#breadcrumb"},"inLanguage":"de","potentialAction":[{"@type":"ReadAction","target":["https:\/\/relaisgourmet.com\/de\/rezepte-fuer-foie-gras\/"]}]},{"@type":"BreadcrumbList","@id":"https:\/\/relaisgourmet.com\/de\/rezepte-fuer-foie-gras\/#breadcrumb","itemListElement":[{"@type":"ListItem","position":1,"name":"Startseite","item":"https:\/\/relaisgourmet.com\/de\/"},{"@type":"ListItem","position":2,"name":"Rezepte f\u00fcr Foie Gras"}]},{"@type":"WebSite","@id":"https:\/\/relaisgourmet.com\/de\/#website","url":"https:\/\/relaisgourmet.com\/de\/","name":"Relais Gourmet","description":"Maison Gastronomique au Pays-Basque Depuis 2004","publisher":{"@id":"https:\/\/relaisgourmet.com\/de\/#organization"},"potentialAction":[{"@type":"SearchAction","target":{"@type":"EntryPoint","urlTemplate":"https:\/\/relaisgourmet.com\/de\/?s={search_term_string}"},"query-input":{"@type":"PropertyValueSpecification","valueRequired":true,"valueName":"search_term_string"}}],"inLanguage":"de"},{"@type":"Organization","@id":"https:\/\/relaisgourmet.com\/de\/#organization","name":"Relais Gourmet","url":"https:\/\/relaisgourmet.com\/de\/","logo":{"@type":"ImageObject","inLanguage":"de","@id":"https:\/\/relaisgourmet.com\/de\/#\/schema\/logo\/image\/","url":"https:\/\/relaisgourmet.com\/wp-content\/uploads\/2024\/11\/Diseno-sin-titulo-8.jpg","contentUrl":"https:\/\/relaisgourmet.com\/wp-content\/uploads\/2024\/11\/Diseno-sin-titulo-8.jpg","width":500,"height":500,"caption":"Relais Gourmet"},"image":{"@id":"https:\/\/relaisgourmet.com\/de\/#\/schema\/logo\/image\/"},"sameAs":["https:\/\/facebook.com\/yoast","https:\/\/instagram.com\/yoast"]}]}},"_links":{"self":[{"href":"https:\/\/relaisgourmet.com\/de\/wp-json\/wp\/v2\/pages\/43899","targetHints":{"allow":["GET"]}}],"collection":[{"href":"https:\/\/relaisgourmet.com\/de\/wp-json\/wp\/v2\/pages"}],"about":[{"href":"https:\/\/relaisgourmet.com\/de\/wp-json\/wp\/v2\/types\/page"}],"author":[{"embeddable":true,"href":"https:\/\/relaisgourmet.com\/de\/wp-json\/wp\/v2\/users\/1"}],"replies":[{"embeddable":true,"href":"https:\/\/relaisgourmet.com\/de\/wp-json\/wp\/v2\/comments?post=43899"}],"version-history":[{"count":3,"href":"https:\/\/relaisgourmet.com\/de\/wp-json\/wp\/v2\/pages\/43899\/revisions"}],"predecessor-version":[{"id":55579,"href":"https:\/\/relaisgourmet.com\/de\/wp-json\/wp\/v2\/pages\/43899\/revisions\/55579"}],"wp:attachment":[{"href":"https:\/\/relaisgourmet.com\/de\/wp-json\/wp\/v2\/media?parent=43899"}],"curies":[{"name":"wp","href":"https:\/\/api.w.org\/{rel}","templated":true}]}}