{"id":43005,"date":"2024-09-19T11:56:47","date_gmt":"2024-09-19T09:56:47","guid":{"rendered":"https:\/\/relaisgourmet.com\/meilleures-ventes-foie-gras\/"},"modified":"2025-04-09T22:54:41","modified_gmt":"2025-04-09T20:54:41","slug":"bestseller-foie-gras","status":"publish","type":"page","link":"https:\/\/relaisgourmet.com\/de\/bestseller-foie-gras\/","title":{"rendered":"Bestseller Foie Gras"},"content":{"rendered":"\t\t<div data-elementor-type=\"wp-page\" data-elementor-id=\"43005\" class=\"elementor elementor-43005 elementor-35051\" data-elementor-post-type=\"page\">\n\t\t\t\t<div class=\"elementor-element elementor-element-5e1783a e-flex e-con-boxed e-con e-parent\" data-id=\"5e1783a\" data-element_type=\"container\" data-e-type=\"container\" data-settings=\"{&quot;background_background&quot;:&quot;classic&quot;}\">\n\t\t\t\t\t<div class=\"e-con-inner\">\n\t\t\t\t<div class=\"elementor-element elementor-element-ef2c23f elementor-widget elementor-widget-woocommerce-breadcrumb\" data-id=\"ef2c23f\" data-element_type=\"widget\" data-e-type=\"widget\" data-widget_type=\"woocommerce-breadcrumb.default\">\n\t\t\t\t<div class=\"elementor-widget-container\">\n\t\t\t\t\t<nav class=\"woocommerce-breadcrumb\" aria-label=\"Breadcrumb\">Start<\/nav>\t\t\t\t<\/div>\n\t\t\t\t<\/div>\n\t\t\t\t\t<\/div>\n\t\t\t\t<\/div>\n\t\t<div class=\"elementor-element elementor-element-1d19b3a e-flex e-con-boxed e-con e-parent\" data-id=\"1d19b3a\" data-element_type=\"container\" data-e-type=\"container\">\n\t\t\t\t\t<div class=\"e-con-inner\">\n\t\t<div class=\"elementor-element elementor-element-d533c9d e-con-full e-flex e-con e-child\" data-id=\"d533c9d\" data-element_type=\"container\" data-e-type=\"container\">\n\t\t\t\t<div class=\"elementor-element elementor-element-9d32666 elementor-widget elementor-widget-heading\" data-id=\"9d32666\" data-element_type=\"widget\" data-e-type=\"widget\" data-widget_type=\"heading.default\">\n\t\t\t\t<div class=\"elementor-widget-container\">\n\t\t\t\t\t<h1 class=\"elementor-heading-title elementor-size-default\">Bestseller Foie Gras<\/h1>\t\t\t\t<\/div>\n\t\t\t\t<\/div>\n\t\t\t\t<div class=\"elementor-element elementor-element-69b9e14 elementor-widget elementor-widget-text-editor\" data-id=\"69b9e14\" data-element_type=\"widget\" data-e-type=\"widget\" data-widget_type=\"text-editor.default\">\n\t\t\t\t<div class=\"elementor-widget-container\">\n\t\t\t\t\t\t\t\t\t<p><\/p>\n\t\t\t\t\t\t\t\t<\/div>\n\t\t\t\t<\/div>\n\t\t\t\t<\/div>\n\t\t<div class=\"elementor-element elementor-element-2f2f212 e-con-full e-flex e-con e-child\" data-id=\"2f2f212\" data-element_type=\"container\" data-e-type=\"container\">\n\t\t\t\t<div class=\"elementor-element elementor-element-269ca6c elementor-grid-3 elementor-grid-tablet-3 elementor-grid-mobile-2 elementor-products-grid elementor-wc-products elementor-widget elementor-widget-woocommerce-products\" data-id=\"269ca6c\" data-element_type=\"widget\" data-e-type=\"widget\" data-widget_type=\"woocommerce-products.default\">\n\t\t\t\t<div class=\"elementor-widget-container\">\n\t\t\t\t\t<div class=\"woocommerce columns-3 \">\n<button type=\"button\" class=\"btn btn-primary yith-wcan-filters-opener\" data-target=\"\" >\n\t<i class=\"filter-icon\"><\/i>\n\tFilter<\/button>\n<ul class=\"products elementor-grid columns-3\">\n<li class=\"product type-product post-42147 status-publish first instock product_cat-geschaftsgeschenke product_cat-geschenkboxen product_cat-gourmet-geschenke product_cat-klassische-foie-gras product_cat-unsere-foies-gras product_tag-achat-foie-gras-de product_tag-armagnac-de product_tag-assortiment-de product_tag-ausergewohnliche-leberpastete product_tag-baskische-gastronomie product_tag-bon-foie-gras-de product_tag-classique-de product_tag-einzigartiges-geschmackserlebnis product_tag-foie-gras-a-larmagnac-de product_tag-foie-gras-au-piment-despelette-de product_tag-foie-gras-nature-de product_tag-foie-grqs-de product_tag-franzosische-gourmet-trilogie product_tag-franzosische-luxuskuche product_tag-franzosisches-handwerksprodukt product_tag-franzosisches-kunsthandwerk product_tag-gastronomische-tradition product_tag-geschmack-des-sudwestens product_tag-gourmet-geschenk product_tag-hochste-qualitat product_tag-holzige-aromen product_tag-klassische-wunderschachtel product_tag-kulinarischer-luxus product_tag-offre-de product_tag-ohne-konservierungsstoffe product_tag-pack-de product_tag-piment-despelette-de product_tag-schmelzende-textur product_tag-sudwest-ente product_tag-tiefgrundiger-geschmack product_tag-verkostung-von-foie-gras has-post-thumbnail taxable shipping-taxable purchasable product-type-simple\">\n\t<a href=\"https:\/\/relaisgourmet.com\/de\/Produkt\/klassische-wunderbox\/\" class=\"woocommerce-LoopProduct-link woocommerce-loop-product__link\"><img loading=\"lazy\" decoding=\"async\" width=\"300\" height=\"300\" src=\"https:\/\/relaisgourmet.com\/wp-content\/uploads\/2023\/03\/boite-a-merveille-classique2-300x300.jpg\" class=\"attachment-woocommerce_thumbnail size-woocommerce_thumbnail\" alt=\"Die klassische Wunderbox\" srcset=\"https:\/\/relaisgourmet.com\/wp-content\/uploads\/2023\/03\/boite-a-merveille-classique2-300x300.jpg 300w, https:\/\/relaisgourmet.com\/wp-content\/uploads\/2023\/03\/boite-a-merveille-classique2-150x150.jpg 150w, https:\/\/relaisgourmet.com\/wp-content\/uploads\/2023\/03\/boite-a-merveille-classique2-768x768.jpg 768w, https:\/\/relaisgourmet.com\/wp-content\/uploads\/2023\/03\/boite-a-merveille-classique2-600x600.jpg 600w, https:\/\/relaisgourmet.com\/wp-content\/uploads\/2023\/03\/boite-a-merveille-classique2-100x100.jpg 100w, https:\/\/relaisgourmet.com\/wp-content\/uploads\/2023\/03\/boite-a-merveille-classique2.jpg 840w\" sizes=\"auto, (max-width: 300px) 100vw, 300px\" \/><h2 class=\"woocommerce-loop-product__title\">Die klassische Wunderbox<\/h2>\n\t<span class=\"price\"><span class='ywcrbp_regular_price'>Prix <span class=\"woocommerce-Price-amount amount\"><bdi>61,00&nbsp;<span class=\"woocommerce-Price-currencySymbol\">&euro;<\/span><\/bdi><\/span><\/span> <\/span>\n<\/a><div class=\"woocommerce-loop-product__buttons\"><a href=\"\/de\/wp-json\/wp\/v2\/pages\/43005?add-to-cart=42147\" aria-describedby=\"woocommerce_loop_add_to_cart_link_describedby_42147\" data-quantity=\"1\" class=\"button product_type_simple add_to_cart_button ajax_add_to_cart\" data-product_id=\"42147\" data-product_sku=\"3P-DVHE-CC7I\" aria-label=\"In den Warenkorb legen: \u201eDie klassische Wunderbox\u201c\" rel=\"nofollow\" data-success_message=\"\u201eDie klassische Wunderbox\u201c wurde deinem Warenkorb hinzugef\u00fcgt\" role=\"button\">Zum Warenkorb hinzuf\u00fcgen<\/a><\/div>\t<span id=\"woocommerce_loop_add_to_cart_link_describedby_42147\" class=\"screen-reader-text\">\n\t\t\t<\/span>\n<span class=\"gtm4wp_productdata\" style=\"display:none; visibility:hidden;\" data-gtm4wp_product_data=\"{&quot;internal_id&quot;:42147,&quot;item_id&quot;:42147,&quot;item_name&quot;:&quot;Die klassische Wunderbox&quot;,&quot;sku&quot;:&quot;3P-DVHE-CC7I&quot;,&quot;price&quot;:61,&quot;stocklevel&quot;:180,&quot;stockstatus&quot;:&quot;instock&quot;,&quot;google_business_vertical&quot;:&quot;retail&quot;,&quot;item_category&quot;:&quot;Geschenkboxen&quot;,&quot;id&quot;:42147,&quot;productlink&quot;:&quot;https:\\\/\\\/relaisgourmet.com\\\/de\\\/Produkt\\\/klassische-wunderbox\\\/&quot;,&quot;item_list_name&quot;:&quot;General Product List&quot;,&quot;index&quot;:1,&quot;product_type&quot;:&quot;simple&quot;,&quot;item_brand&quot;:&quot;&quot;}\"><\/span><\/li>\n<li class=\"product type-product post-42177 status-publish instock product_cat-fruchtige-foie-gras product_cat-unsere-foies-gras product_tag-2-personen product_tag-200g-de product_tag-4-5-personen product_tag-80g-de product_tag-assortiment-de product_tag-bon-foie-gras-de product_tag-foie-gras-de product_tag-fruchtig-de product_tag-ganze-foie-gras-mit-apfel-de product_tag-ganze-foie-gras-mit-feigen-de product_tag-ganze-foie-gras-mit-kandierten-zitronen-de product_tag-offre-de product_tag-pack-de has-post-thumbnail sale taxable shipping-taxable purchasable product-type-simple\">\n\t<a href=\"https:\/\/relaisgourmet.com\/de\/Produkt\/die-wunderbox-fruchtig\/\" class=\"woocommerce-LoopProduct-link woocommerce-loop-product__link\">\n\t<span class=\"onsale\">Angebot!<\/span>\n\t<img loading=\"lazy\" decoding=\"async\" width=\"300\" height=\"300\" src=\"https:\/\/relaisgourmet.com\/wp-content\/uploads\/2023\/03\/boite-a-merveille-fruite2-300x300.jpg\" class=\"attachment-woocommerce_thumbnail size-woocommerce_thumbnail\" alt=\"Fruchtige Wunderschachtel\" srcset=\"https:\/\/relaisgourmet.com\/wp-content\/uploads\/2023\/03\/boite-a-merveille-fruite2-300x300.jpg 300w, https:\/\/relaisgourmet.com\/wp-content\/uploads\/2023\/03\/boite-a-merveille-fruite2-150x150.jpg 150w, https:\/\/relaisgourmet.com\/wp-content\/uploads\/2023\/03\/boite-a-merveille-fruite2-600x600.jpg 600w, https:\/\/relaisgourmet.com\/wp-content\/uploads\/2023\/03\/boite-a-merveille-fruite2-100x100.jpg 100w, https:\/\/relaisgourmet.com\/wp-content\/uploads\/2023\/03\/boite-a-merveille-fruite2.jpg 714w\" sizes=\"auto, (max-width: 300px) 100vw, 300px\" \/><h2 class=\"woocommerce-loop-product__title\">Fruchtige Wunderschachtel<\/h2>\n\t<span class=\"price\"><span class='ywcrbp_regular_price'><del>Prix <span class=\"woocommerce-Price-amount amount\"><bdi>58,10&nbsp;<span class=\"woocommerce-Price-currencySymbol\">&euro;<\/span><\/bdi><\/span><\/del><\/span><span class='ywcrbp_sale_price'> <span class=\"woocommerce-Price-amount amount\"><bdi>57,00&nbsp;<span class=\"woocommerce-Price-currencySymbol\">&euro;<\/span><\/bdi><\/span><\/span> <\/span>\n<\/a><div class=\"woocommerce-loop-product__buttons\"><a href=\"\/de\/wp-json\/wp\/v2\/pages\/43005?add-to-cart=42177\" aria-describedby=\"woocommerce_loop_add_to_cart_link_describedby_42177\" data-quantity=\"1\" class=\"button product_type_simple add_to_cart_button ajax_add_to_cart\" data-product_id=\"42177\" data-product_sku=\"FP-55WD-YLPI\" aria-label=\"In den Warenkorb legen: \u201eFruchtige Wunderschachtel\u201c\" rel=\"nofollow\" data-success_message=\"\u201eFruchtige Wunderschachtel\u201c wurde deinem Warenkorb hinzugef\u00fcgt\" role=\"button\">Zum Warenkorb hinzuf\u00fcgen<\/a><\/div>\t<span id=\"woocommerce_loop_add_to_cart_link_describedby_42177\" class=\"screen-reader-text\">\n\t\t\t<\/span>\n<span class=\"gtm4wp_productdata\" style=\"display:none; visibility:hidden;\" data-gtm4wp_product_data=\"{&quot;internal_id&quot;:42177,&quot;item_id&quot;:42177,&quot;item_name&quot;:&quot;Fruchtige Wunderschachtel&quot;,&quot;sku&quot;:&quot;FP-55WD-YLPI&quot;,&quot;price&quot;:57,&quot;stocklevel&quot;:200,&quot;stockstatus&quot;:&quot;instock&quot;,&quot;google_business_vertical&quot;:&quot;retail&quot;,&quot;item_category&quot;:&quot;Fruchtige Foie Gras&quot;,&quot;id&quot;:42177,&quot;productlink&quot;:&quot;https:\\\/\\\/relaisgourmet.com\\\/de\\\/Produkt\\\/die-wunderbox-fruchtig\\\/&quot;,&quot;item_list_name&quot;:&quot;General Product List&quot;,&quot;index&quot;:2,&quot;product_type&quot;:&quot;simple&quot;,&quot;item_brand&quot;:&quot;&quot;}\"><\/span><\/li>\n<li class=\"product type-product post-42067 status-publish last instock product_cat-fruchtige-foie-gras product_cat-unsere-foies-gras product_tag-2-personen product_tag-200g-de product_tag-4-5-personen product_tag-80g-de product_tag-foie-gras-de product_tag-foie-gras-obst product_tag-fruchtig-de product_tag-fruchtiger-geschmack product_tag-mal-fett product_tag-original-foie-gras-de-2 has-post-thumbnail taxable shipping-taxable purchasable product-type-variable\">\n\t<a href=\"https:\/\/relaisgourmet.com\/de\/Produkt\/foie-gras-mit-apfel\/\" class=\"woocommerce-LoopProduct-link woocommerce-loop-product__link\"><img loading=\"lazy\" decoding=\"async\" width=\"300\" height=\"300\" src=\"https:\/\/relaisgourmet.com\/wp-content\/uploads\/2014\/12\/Pomme-min-300x300.png\" class=\"attachment-woocommerce_thumbnail size-woocommerce_thumbnail\" alt=\"Ganze Foie Gras mit Apfel\" srcset=\"https:\/\/relaisgourmet.com\/wp-content\/uploads\/2014\/12\/Pomme-min-300x300.png 300w, https:\/\/relaisgourmet.com\/wp-content\/uploads\/2014\/12\/Pomme-min-150x150.png 150w, https:\/\/relaisgourmet.com\/wp-content\/uploads\/2014\/12\/Pomme-min-768x768.png 768w, https:\/\/relaisgourmet.com\/wp-content\/uploads\/2014\/12\/Pomme-min-600x600.png 600w, https:\/\/relaisgourmet.com\/wp-content\/uploads\/2014\/12\/Pomme-min-100x100.png 100w, https:\/\/relaisgourmet.com\/wp-content\/uploads\/2014\/12\/Pomme-min.png 1000w\" sizes=\"auto, (max-width: 300px) 100vw, 300px\" \/><h2 class=\"woocommerce-loop-product__title\">Ganze Foie Gras mit Apfel<\/h2>\n\t<span class=\"price\"><span class='ywcrbp_regular_price'>Prix <span class=\"woocommerce-Price-amount amount\"><bdi>18,90&nbsp;<span class=\"woocommerce-Price-currencySymbol\">&euro;<\/span><\/bdi><\/span> <span aria-hidden=\"true\">-<\/span> <span class=\"woocommerce-Price-amount amount\"><bdi>32,90&nbsp;<span class=\"woocommerce-Price-currencySymbol\">&euro;<\/span><\/bdi><\/span><span class=\"screen-reader-text\">Preisspanne: Prix 18,90&nbsp;&euro; bis 32,90&nbsp;&euro;<\/span><\/span><\/span>\n<\/a><div class=\"woocommerce-loop-product__buttons\"><a href=\"https:\/\/relaisgourmet.com\/de\/Produkt\/foie-gras-mit-apfel\/\" aria-describedby=\"woocommerce_loop_add_to_cart_link_describedby_42067\" data-quantity=\"1\" class=\"button product_type_variable add_to_cart_button\" data-product_id=\"42067\" data-product_sku=\"3530000334722\" aria-label=\"W\u00e4hle Optionen f\u00fcr \u201eGanze Foie Gras mit Apfel\u201c\" rel=\"nofollow\">Optionen ausw\u00e4hlen<\/a><\/div>\t<span id=\"woocommerce_loop_add_to_cart_link_describedby_42067\" class=\"screen-reader-text\">\n\t\tDieses Produkt weist mehrere Varianten auf. Die Optionen k\u00f6nnen auf der Produktseite gew\u00e4hlt werden\t<\/span>\n<span class=\"gtm4wp_productdata\" style=\"display:none; visibility:hidden;\" data-gtm4wp_product_data=\"{&quot;internal_id&quot;:42067,&quot;item_id&quot;:42067,&quot;item_name&quot;:&quot;Ganze Foie Gras mit Apfel&quot;,&quot;sku&quot;:&quot;3530000334722&quot;,&quot;price&quot;:18.9,&quot;stocklevel&quot;:200,&quot;stockstatus&quot;:&quot;instock&quot;,&quot;google_business_vertical&quot;:&quot;retail&quot;,&quot;item_category&quot;:&quot;Unsere Foies Gras&quot;,&quot;id&quot;:42067,&quot;productlink&quot;:&quot;https:\\\/\\\/relaisgourmet.com\\\/de\\\/Produkt\\\/foie-gras-mit-apfel\\\/&quot;,&quot;item_list_name&quot;:&quot;General Product List&quot;,&quot;index&quot;:3,&quot;product_type&quot;:&quot;variable&quot;,&quot;item_brand&quot;:&quot;&quot;}\"><\/span><\/li>\n<\/ul>\n<\/div>\t\t\t\t<\/div>\n\t\t\t\t<\/div>\n\t\t\t\t<\/div>\n\t\t\t\t\t<\/div>\n\t\t\t\t<\/div>\n\t\t<div class=\"elementor-element elementor-element-fc2f9a6 e-flex e-con-boxed e-con e-parent\" data-id=\"fc2f9a6\" data-element_type=\"container\" data-e-type=\"container\">\n\t\t\t\t\t<div class=\"e-con-inner\">\n\t\t\t\t<div class=\"elementor-element elementor-element-cad41f9 elementor-widget elementor-widget-text-editor\" data-id=\"cad41f9\" data-element_type=\"widget\" data-e-type=\"widget\" data-widget_type=\"text-editor.default\">\n\t\t\t\t<div class=\"elementor-widget-container\">\n\t\t\t\t\t\t\t\t\t<p><strong>D\u00e9couvrez nos meilleures ventes de Foies gras d&#8217;exception<\/strong><u><\/u><u><\/u><\/p>\n<p>Nos produits phares vous attendent ! Relais Gourmet vous propose une s\u00e9lection de Foies gras entiers, sans conservateur, sans colorants ni additif. Profitez de la qualit\u00e9 supr\u00eame de notre savoir-faire, id\u00e9ale pour vos repas festifs ou pour offrir en cadeau.<u><\/u><u><\/u><\/p>\n<p><strong>Les incontournables de Relais Gourmet pour vos tables gourmandes<\/strong><u><\/u><u><\/u><\/p>\n<p>Parcourez notre gamme des best-sellers en Foies gras classiques, fruit\u00e9s\u2026 De l\u2019entr\u00e9e jusqu&#8217;\u00e0 l&#8217;ap\u00e9ritif, d\u00e9gustez des saveurs authentiques, issues d\u2019un savoir-faire et tradition du Sud-Ouest de la France.<u><\/u><u><\/u><\/p>\n<p>Commandez d\u00e8s maintenant pour d\u00e9couvrir nos produits les plus appr\u00e9ci\u00e9s !<\/p>\n\t\t\t\t\t\t\t\t<\/div>\n\t\t\t\t<\/div>\n\t\t\t\t\t<\/div>\n\t\t\t\t<\/div>\n\t\t\t\t<\/div>\n\t\t","protected":false},"excerpt":{"rendered":"<p>D\u00e9couvrez nos meilleures ventes de Foies gras d&#8217;exception Nos produits phares vous attendent ! Relais Gourmet vous propose une s\u00e9lection de Foies gras entiers, sans conservateur, sans colorants ni additif. Profitez de la qualit\u00e9 supr\u00eame de notre savoir-faire, id\u00e9ale pour vos repas festifs ou pour offrir en cadeau. Les incontournables de Relais Gourmet pour vos [&hellip;]<\/p>\n","protected":false},"author":1,"featured_media":0,"parent":0,"menu_order":0,"comment_status":"closed","ping_status":"closed","template":"elementor_header_footer","meta":{"footnotes":""},"class_list":["post-43005","page","type-page","status-publish","hentry"],"yoast_head":"<!-- This site is optimized with the Yoast SEO Premium plugin v27.4 (Yoast SEO v27.5) - https:\/\/yoast.com\/product\/yoast-seo-premium-wordpress\/ -->\n<title>Bestseller Foie Gras<\/title>\n<meta name=\"description\" content=\"Bestseller Foie Gras - Relais Gourmet\" \/>\n<meta name=\"robots\" content=\"index, follow, max-snippet:-1, max-image-preview:large, max-video-preview:-1\" \/>\n<link rel=\"canonical\" href=\"https:\/\/relaisgourmet.com\/de\/bestseller-foie-gras\/\" \/>\n<meta property=\"og:locale\" content=\"de_DE\" \/>\n<meta property=\"og:type\" content=\"article\" \/>\n<meta property=\"og:title\" content=\"Bestseller Foie Gras\" \/>\n<meta property=\"og:description\" content=\"Bestseller Foie Gras - Relais Gourmet\" \/>\n<meta property=\"og:url\" content=\"https:\/\/relaisgourmet.com\/de\/bestseller-foie-gras\/\" \/>\n<meta property=\"og:site_name\" content=\"Relais Gourmet\" \/>\n<meta property=\"article:publisher\" content=\"https:\/\/facebook.com\/yoast\" \/>\n<meta property=\"article:modified_time\" content=\"2025-04-09T20:54:41+00:00\" \/>\n<meta name=\"twitter:card\" content=\"summary_large_image\" \/>\n<meta name=\"twitter:label1\" content=\"Gesch\u00e4tzte Lesezeit\" \/>\n\t<meta name=\"twitter:data1\" content=\"1\u00a0Minute\" \/>\n<script type=\"application\/ld+json\" class=\"yoast-schema-graph\">{\"@context\":\"https:\\\/\\\/schema.org\",\"@graph\":[{\"@type\":\"WebPage\",\"@id\":\"https:\\\/\\\/relaisgourmet.com\\\/de\\\/bestseller-foie-gras\\\/\",\"url\":\"https:\\\/\\\/relaisgourmet.com\\\/de\\\/bestseller-foie-gras\\\/\",\"name\":\"Bestseller Foie Gras\",\"isPartOf\":{\"@id\":\"https:\\\/\\\/relaisgourmet.com\\\/de\\\/#website\"},\"datePublished\":\"2024-09-19T09:56:47+00:00\",\"dateModified\":\"2025-04-09T20:54:41+00:00\",\"description\":\"Bestseller Foie Gras - Relais Gourmet\",\"breadcrumb\":{\"@id\":\"https:\\\/\\\/relaisgourmet.com\\\/de\\\/bestseller-foie-gras\\\/#breadcrumb\"},\"inLanguage\":\"de\",\"potentialAction\":[{\"@type\":\"ReadAction\",\"target\":[\"https:\\\/\\\/relaisgourmet.com\\\/de\\\/bestseller-foie-gras\\\/\"]}]},{\"@type\":\"BreadcrumbList\",\"@id\":\"https:\\\/\\\/relaisgourmet.com\\\/de\\\/bestseller-foie-gras\\\/#breadcrumb\",\"itemListElement\":[{\"@type\":\"ListItem\",\"position\":1,\"name\":\"Startseite\",\"item\":\"https:\\\/\\\/relaisgourmet.com\\\/de\\\/\"},{\"@type\":\"ListItem\",\"position\":2,\"name\":\"Bestseller Foie Gras\"}]},{\"@type\":\"WebSite\",\"@id\":\"https:\\\/\\\/relaisgourmet.com\\\/de\\\/#website\",\"url\":\"https:\\\/\\\/relaisgourmet.com\\\/de\\\/\",\"name\":\"Relais Gourmet\",\"description\":\"Maison Gastronomique au Pays-Basque Depuis 2004\",\"publisher\":{\"@id\":\"https:\\\/\\\/relaisgourmet.com\\\/de\\\/#organization\"},\"potentialAction\":[{\"@type\":\"SearchAction\",\"target\":{\"@type\":\"EntryPoint\",\"urlTemplate\":\"https:\\\/\\\/relaisgourmet.com\\\/de\\\/?s={search_term_string}\"},\"query-input\":{\"@type\":\"PropertyValueSpecification\",\"valueRequired\":true,\"valueName\":\"search_term_string\"}}],\"inLanguage\":\"de\"},{\"@type\":\"Organization\",\"@id\":\"https:\\\/\\\/relaisgourmet.com\\\/de\\\/#organization\",\"name\":\"Relais Gourmet\",\"url\":\"https:\\\/\\\/relaisgourmet.com\\\/de\\\/\",\"logo\":{\"@type\":\"ImageObject\",\"inLanguage\":\"de\",\"@id\":\"https:\\\/\\\/relaisgourmet.com\\\/de\\\/#\\\/schema\\\/logo\\\/image\\\/\",\"url\":\"https:\\\/\\\/relaisgourmet.com\\\/wp-content\\\/uploads\\\/2024\\\/11\\\/Diseno-sin-titulo-8.jpg\",\"contentUrl\":\"https:\\\/\\\/relaisgourmet.com\\\/wp-content\\\/uploads\\\/2024\\\/11\\\/Diseno-sin-titulo-8.jpg\",\"width\":500,\"height\":500,\"caption\":\"Relais Gourmet\"},\"image\":{\"@id\":\"https:\\\/\\\/relaisgourmet.com\\\/de\\\/#\\\/schema\\\/logo\\\/image\\\/\"},\"sameAs\":[\"https:\\\/\\\/facebook.com\\\/yoast\",\"https:\\\/\\\/instagram.com\\\/yoast\"]}]}<\/script>\n<!-- \/ Yoast SEO Premium plugin. -->","yoast_head_json":{"title":"Bestseller Foie Gras","description":"Bestseller Foie Gras - Relais Gourmet","robots":{"index":"index","follow":"follow","max-snippet":"max-snippet:-1","max-image-preview":"max-image-preview:large","max-video-preview":"max-video-preview:-1"},"canonical":"https:\/\/relaisgourmet.com\/de\/bestseller-foie-gras\/","og_locale":"de_DE","og_type":"article","og_title":"Bestseller Foie Gras","og_description":"Bestseller Foie Gras - Relais Gourmet","og_url":"https:\/\/relaisgourmet.com\/de\/bestseller-foie-gras\/","og_site_name":"Relais Gourmet","article_publisher":"https:\/\/facebook.com\/yoast","article_modified_time":"2025-04-09T20:54:41+00:00","twitter_card":"summary_large_image","twitter_misc":{"Gesch\u00e4tzte Lesezeit":"1\u00a0Minute"},"schema":{"@context":"https:\/\/schema.org","@graph":[{"@type":"WebPage","@id":"https:\/\/relaisgourmet.com\/de\/bestseller-foie-gras\/","url":"https:\/\/relaisgourmet.com\/de\/bestseller-foie-gras\/","name":"Bestseller Foie Gras","isPartOf":{"@id":"https:\/\/relaisgourmet.com\/de\/#website"},"datePublished":"2024-09-19T09:56:47+00:00","dateModified":"2025-04-09T20:54:41+00:00","description":"Bestseller Foie Gras - Relais Gourmet","breadcrumb":{"@id":"https:\/\/relaisgourmet.com\/de\/bestseller-foie-gras\/#breadcrumb"},"inLanguage":"de","potentialAction":[{"@type":"ReadAction","target":["https:\/\/relaisgourmet.com\/de\/bestseller-foie-gras\/"]}]},{"@type":"BreadcrumbList","@id":"https:\/\/relaisgourmet.com\/de\/bestseller-foie-gras\/#breadcrumb","itemListElement":[{"@type":"ListItem","position":1,"name":"Startseite","item":"https:\/\/relaisgourmet.com\/de\/"},{"@type":"ListItem","position":2,"name":"Bestseller Foie Gras"}]},{"@type":"WebSite","@id":"https:\/\/relaisgourmet.com\/de\/#website","url":"https:\/\/relaisgourmet.com\/de\/","name":"Relais Gourmet","description":"Maison Gastronomique au Pays-Basque Depuis 2004","publisher":{"@id":"https:\/\/relaisgourmet.com\/de\/#organization"},"potentialAction":[{"@type":"SearchAction","target":{"@type":"EntryPoint","urlTemplate":"https:\/\/relaisgourmet.com\/de\/?s={search_term_string}"},"query-input":{"@type":"PropertyValueSpecification","valueRequired":true,"valueName":"search_term_string"}}],"inLanguage":"de"},{"@type":"Organization","@id":"https:\/\/relaisgourmet.com\/de\/#organization","name":"Relais Gourmet","url":"https:\/\/relaisgourmet.com\/de\/","logo":{"@type":"ImageObject","inLanguage":"de","@id":"https:\/\/relaisgourmet.com\/de\/#\/schema\/logo\/image\/","url":"https:\/\/relaisgourmet.com\/wp-content\/uploads\/2024\/11\/Diseno-sin-titulo-8.jpg","contentUrl":"https:\/\/relaisgourmet.com\/wp-content\/uploads\/2024\/11\/Diseno-sin-titulo-8.jpg","width":500,"height":500,"caption":"Relais Gourmet"},"image":{"@id":"https:\/\/relaisgourmet.com\/de\/#\/schema\/logo\/image\/"},"sameAs":["https:\/\/facebook.com\/yoast","https:\/\/instagram.com\/yoast"]}]}},"_links":{"self":[{"href":"https:\/\/relaisgourmet.com\/de\/wp-json\/wp\/v2\/pages\/43005","targetHints":{"allow":["GET"]}}],"collection":[{"href":"https:\/\/relaisgourmet.com\/de\/wp-json\/wp\/v2\/pages"}],"about":[{"href":"https:\/\/relaisgourmet.com\/de\/wp-json\/wp\/v2\/types\/page"}],"author":[{"embeddable":true,"href":"https:\/\/relaisgourmet.com\/de\/wp-json\/wp\/v2\/users\/1"}],"replies":[{"embeddable":true,"href":"https:\/\/relaisgourmet.com\/de\/wp-json\/wp\/v2\/comments?post=43005"}],"version-history":[{"count":0,"href":"https:\/\/relaisgourmet.com\/de\/wp-json\/wp\/v2\/pages\/43005\/revisions"}],"wp:attachment":[{"href":"https:\/\/relaisgourmet.com\/de\/wp-json\/wp\/v2\/media?parent=43005"}],"curies":[{"name":"wp","href":"https:\/\/api.w.org\/{rel}","templated":true}]}}