{"id":42955,"date":"2019-09-25T07:05:31","date_gmt":"2019-09-25T05:05:31","guid":{"rendered":"https:\/\/relaisgourmet.com\/conditions-generales-de-vente-cgv\/"},"modified":"2025-02-17T17:45:30","modified_gmt":"2025-02-17T16:45:30","slug":"allgemeine-verkaufsbedingungen-avb","status":"publish","type":"page","link":"https:\/\/relaisgourmet.com\/de\/allgemeine-verkaufsbedingungen-avb\/","title":{"rendered":"Allgemeine Verkaufsbedingungen (AGB)"},"content":{"rendered":"<p><b>1. Commandes<\/b><\/p>\n<p>Jede Bestellung auf der Website setzt die vollst\u00e4ndige und bedingungslose Zustimmung zu den vorliegenden Verkaufsbedingungen voraus, die ausschlie\u00dflich auf den zwischen dem Kunden und Relais Gourmet geschlossenen Vertrag anwendbar sind.<\/p>\n<p><b>Bestellbest\u00e4tigung<\/b><\/p>\n<p>Die Bestellung wird erst nach der Best\u00e4tigung des Kaufs auf der Website www.relaisgourmet.com ber\u00fccksichtigt, das hei\u00dft nach der Best\u00e4tigung der Zahlung, die vom Kunden mit einer der auf der Website angebotenen Zahlungsmethoden vorgenommen wurde.<\/p>\n<p>Relais Gourmet beh\u00e4lt sich das Recht vor, eine Bestellung abzulehnen, wenn der Kunde eine seiner Verpflichtungen nicht erf\u00fcllt, und allgemein jede Bestellung abzulehnen, die aus irgendeinem Grund als unnormal erscheint.<\/p>\n<p>Die Bestellung ist erst nach Best\u00e4tigung durch Relais Gourmet endg\u00fcltig. Relais Gourmet wird die Annahme der Bestellung des Nutzers per E-Mail oder Post best\u00e4tigen oder gegebenenfalls die Ablehnung innerhalb von 48 Werktagen nach Eingabe der Bestellung auf der Website mitteilen.<\/p>\n<p>Bez\u00fcglich der Widerrufsfrist hat der Kunde gem\u00e4\u00df Artikel L. 121-16 des franz\u00f6sischen Verbrauchergesetzbuchs f\u00fcr alle Fernabsatzgesch\u00e4fte eine Frist von 7 Kalendertagen ab Lieferung der Bestellung, um das Produkt zur\u00fcckzugeben und den vollen Kaufpreis der Bestellung erstattet zu bekommen.<\/p>\n<p><b>2. Verpflichtungen<\/b><\/p>\n<p><b>Verpflichtungen von Relais Gourmet<\/b><\/p>\n<p>Relais Gourmet verpflichtet sich, im Falle der Annahme einer Bestellung, die vom Kunden bestellten Produkte innerhalb von 5 Werktagen nach der Vorbereitung der Bestellung in Frankreich, innerhalb von 10 Tagen in Europa und innerhalb von 15 Tagen in anderen L\u00e4ndern per La Poste zu verkaufen und zu versenden.<\/p>\n<p><b>Verpflichtungen des Kunden<\/b><\/p>\n<p>Der Kunde verpflichtet sich, das Bestellformular korrekt auszuf\u00fcllen.<\/p>\n<p>Der Kunde verpflichtet sich, die Produkte nicht weiterzuverkaufen, da seine Bestellung ausschlie\u00dflich f\u00fcr den pers\u00f6nlichen Gebrauch oder den pers\u00f6nlichen Gebrauch der Person, an die die Lieferung gerichtet ist, bestimmt ist, es sei denn, Relais Gourmet stimmt ausdr\u00fccklich etwas anderes zu.<\/p>\n<p><b>3. Spezifische Bestimmungen<\/b><\/p>\n<p>Die Preise der Produkte und die Versandkosten werden einschlie\u00dflich aller Steuern (inkl. MwSt.) berechnet.<\/p>\n<p>Die Preise sind nur g\u00fcltig, solange der Vorrat reicht, und vorbehaltlich einer \u00c4nderung des Mehrwertsteuersatzes. Jede \u00c4nderung dieses Satzes kann sich dann unmittelbar auf die Verkaufspreise auswirken.<\/p>\n<p>Der in der Bestellbest\u00e4tigung von Relais Gourmet angegebene Gesamtpreis ist der endg\u00fcltige Preis.<\/p>\n<p>Die Preise der Produkte auf der Website von Relais Gourmet sind in Euro angegeben, Betr\u00e4ge in anderen W\u00e4hrungen werden nur zu Informationszwecken angegeben.<\/p>\n<p><b>4. Zahlung<\/b><\/p>\n<p>Wir garantieren Ihnen die <u>Sicherheit Ihrer Zahlung.<\/u> Die Sicherheitsprotokolle der Caisse d\u2019Epargne und PayPal gew\u00e4hrleisten die <u>vollst\u00e4ndige Vertraulichkeit<\/u> der \u00fcber unsere Website Relais Gourmet \u00fcbermittelten pers\u00f6nlichen Daten  Ihre Kreditkartendaten werden verschl\u00fcsselt und \u00fcber ein sicheres Netzwerk \u00fcbertragen. Die Zahlung erfolgt direkt \u00fcber die Website der Caisse d\u2019Epargne oder PayPal, sodass Relais Gourmet keinen Zugriff auf Ihre Bankdaten hat und keine Aufzeichnungen speichert.<\/p>\n<p><b>5. Lieferung<\/b><\/p>\n<p>Wir liefern unsere Produkte weltweit. Wir tragen alle Risiken, die mit dem Transport Ihrer Bestellung verbunden sind. Im Falle von Sch\u00e4den kontaktieren Sie uns bitte, und wir erstatten Ihnen den vollen Betrag Ihres Kaufs sowie die Transportkosten gem\u00e4\u00df unseren Allgemeinen Gesch\u00e4ftsbedingungen.<\/p>\n<p>Wir k\u00f6nnen Ihre Bestellung innerhalb von 48 Stunden in ganz Europa liefern , wenn sie vor 10 Uhr morgens aufgegeben wird (au\u00dfer samstags, sonntags und an Feiertagen). Um unseren Express-Lieferservice zu nutzen, rufen Sie uns bitte direkt unter der Telefonnummer (+33) 09 51 76 13 60 an.<\/p>\n<p>Die Lieferung in Frankreich und Europa erfolgt mit Colissimo innerhalb von ca. 5 bis 10 Werktagen nach Best\u00e4tigung der Bestellung. Au\u00dferhalb Europas versenden wir mit Transport- und Logistikunternehmen. Man muss also mit etwa 10 bis 15 Werktagen rechnen. Diese Fristen sind unverbindlich, und es kann keine Entsch\u00e4digung von Relais Gourmet bei einer m\u00f6glichen Lieferverz\u00f6gerung verlangt werden. Weitere Informationen finden Sie auf der Versandinformationsseite.<\/p>\n<p>Bei Abwesenheit des Empf\u00e4ngers zum Zeitpunkt der Zustellung kann Relais Gourmet in keinem Fall f\u00fcr eventuelle Besch\u00e4digungen der Produkte oder f\u00fcr die Nichtabholung durch den Empf\u00e4nger haftbar gemacht werden.<\/p>\n<p><b>6. &#8222;Zufrieden oder Geld-zur\u00fcck\u201c-Garantie<\/b><\/p>\n<p>Unsere Kunden verpflichten sich, die Lagerbedingungen der Produkte sowie das auf den Verpackungen angegebene Verbrauchsdatum strikt einzuhalten. Es liegt auch in der Verantwortung des Empf\u00e4ngers, die Anzahl und den Zustand der Produkte bei Erhalt zu \u00fcberpr\u00fcfen.<\/p>\n<p>Unsere R\u00fcckgabebedingungen sind einfach : Wir akzeptieren die R\u00fcckgabe aller neuen Artikel, die innerhalb von 15 Tagen zur\u00fcckgegeben werden. Jedes zur\u00fcckgegebene Produkt muss in seiner Originalverpackung zusammen mit dem Kaufnachweis zur\u00fcckgesendet werden. Wir akzeptieren keine R\u00fccksendungen von Artikeln, die nicht in ihrem urspr\u00fcnglichen Zustand sind, wie z. B. Produkte, bei denen mehr als 15 % des Gesamtgewichts verbraucht wurden.<\/p>\n<p>Die R\u00fccksendung von Produkten zum Umtausch oder zur R\u00fcckerstattung erfolgt ausschlie\u00dflich per Post an folgende Adresse: Relais Gourmet \u2013 Je retourne les produits !, 14 rue Burugoria 64700 Hendaye \u2013 Frankreich.<br \/>Bitte verpacken Sie die zur\u00fcckgesendeten Artikel mit gr\u00f6\u00dfter Sorgfalt und senden Sie sie zusammen mit der Rechnung und einem Schreiben zur\u00fcck, in dem die Art des Umtauschs sowie die Art der R\u00fcckerstattung angegeben sind (M\u00f6gliche Optionen: per Scheck oder Geschenkgutschein).<br \/>Weitere Informationen finden Sie auf der Seite zu unserer &#8222;Zufrieden oder Geld-zur\u00fcck\u201c-Garantie. <\/p>\n<p>Bei nicht konformer Lieferung muss innerhalb von 24 Stunden nach Erhalt der Lieferung eine schriftliche Reklamation bei Relais Gourmet eingereicht werden. Tous les litiges et contestations seront de la comp\u00e9tence des tribunaux comp\u00e9tents de Bayonne (France).<\/p>\n<p><b>7. Rechtliche Hinweise<\/b><\/p>\n<p><u>Firmensitz:<\/u><\/p>\n<p>Relais Gourmet<\/p>\n<p>14 rue Burugoria, 64700 Hendaye \u2013 Frankreich<\/p>\n<p>Tel.: (+33) 09 51 76 13 60<\/p>\n<p><u><a href=\"mailto:Yaqueche@relaisgourmet.com\">Yaqueche@relaisgourmet.com<\/a><\/u><\/p>\n<p><u>Steuerliche und rechtliche Informationen:<\/u><\/p>\n<p>Siret: RCS Bayonne 482 415 015 00015<\/p>\n<p>Umsatzsteuer-Identifikationsnummer: FR13482415015<\/p>\n<p><a href=\"https:\/\/fr.cocote.com\/s\/e\/relais-gourmet-maison-gastronomique-au-pays-basque\">RELAIS GOURMET MAISON GASTRONOMIQUE AU PAYS BASQUE<\/a> ist Verkaufspartner auf dem Marktplatz Cocote und bei Lemon Way registriert, einem Zahlungsinstitut, das am 24.12.2012 unter der Nummer 16568 von der APCR in Frankreich zugelassen wurde<\/p>\n<pre> <\/pre>\n","protected":false},"excerpt":{"rendered":"<p>1. Commandes Jede Bestellung auf der Website setzt die vollst\u00e4ndige und bedingungslose Zustimmung zu den vorliegenden Verkaufsbedingungen voraus, die ausschlie\u00dflich auf den zwischen dem Kunden und Relais Gourmet geschlossenen Vertrag anwendbar sind. Bestellbest\u00e4tigung Die Bestellung wird erst nach der Best\u00e4tigung des Kaufs auf der Website www.relaisgourmet.com ber\u00fccksichtigt, das hei\u00dft nach der Best\u00e4tigung der Zahlung, die [&hellip;]<\/p>\n","protected":false},"author":1,"featured_media":0,"parent":0,"menu_order":0,"comment_status":"open","ping_status":"closed","template":"","meta":{"footnotes":""},"class_list":["post-42955","page","type-page","status-publish","hentry"],"yoast_head":"<!-- This site is optimized with the Yoast SEO Premium plugin v27.4 (Yoast SEO v27.5) - https:\/\/yoast.com\/product\/yoast-seo-premium-wordpress\/ -->\n<title>Allgemeine Verkaufsbedingungen (AGB)<\/title>\n<meta name=\"description\" content=\"Allgemeine Verkaufsbedingungen (AGB) - Relais Gourmet\" \/>\n<meta name=\"robots\" content=\"index, follow, max-snippet:-1, max-image-preview:large, max-video-preview:-1\" \/>\n<link rel=\"canonical\" href=\"https:\/\/relaisgourmet.com\/de\/allgemeine-verkaufsbedingungen-avb\/\" \/>\n<meta property=\"og:locale\" content=\"de_DE\" \/>\n<meta property=\"og:type\" content=\"article\" \/>\n<meta property=\"og:title\" content=\"Allgemeine Verkaufsbedingungen (AGB)\" \/>\n<meta property=\"og:description\" content=\"Allgemeine Verkaufsbedingungen (AGB) - Relais Gourmet\" \/>\n<meta property=\"og:url\" content=\"https:\/\/relaisgourmet.com\/de\/allgemeine-verkaufsbedingungen-avb\/\" \/>\n<meta property=\"og:site_name\" content=\"Relais Gourmet\" \/>\n<meta property=\"article:publisher\" content=\"https:\/\/facebook.com\/yoast\" \/>\n<meta property=\"article:modified_time\" content=\"2025-02-17T16:45:30+00:00\" \/>\n<meta name=\"twitter:card\" content=\"summary_large_image\" \/>\n<meta name=\"twitter:label1\" content=\"Gesch\u00e4tzte Lesezeit\" \/>\n\t<meta name=\"twitter:data1\" content=\"4\u00a0Minute\" \/>\n<script type=\"application\/ld+json\" class=\"yoast-schema-graph\">{\"@context\":\"https:\\\/\\\/schema.org\",\"@graph\":[{\"@type\":\"WebPage\",\"@id\":\"https:\\\/\\\/relaisgourmet.com\\\/de\\\/allgemeine-verkaufsbedingungen-avb\\\/\",\"url\":\"https:\\\/\\\/relaisgourmet.com\\\/de\\\/allgemeine-verkaufsbedingungen-avb\\\/\",\"name\":\"Allgemeine Verkaufsbedingungen (AGB)\",\"isPartOf\":{\"@id\":\"https:\\\/\\\/relaisgourmet.com\\\/de\\\/#website\"},\"datePublished\":\"2019-09-25T05:05:31+00:00\",\"dateModified\":\"2025-02-17T16:45:30+00:00\",\"description\":\"Allgemeine Verkaufsbedingungen (AGB) - Relais Gourmet\",\"breadcrumb\":{\"@id\":\"https:\\\/\\\/relaisgourmet.com\\\/de\\\/allgemeine-verkaufsbedingungen-avb\\\/#breadcrumb\"},\"inLanguage\":\"de\",\"potentialAction\":[{\"@type\":\"ReadAction\",\"target\":[\"https:\\\/\\\/relaisgourmet.com\\\/de\\\/allgemeine-verkaufsbedingungen-avb\\\/\"]}]},{\"@type\":\"BreadcrumbList\",\"@id\":\"https:\\\/\\\/relaisgourmet.com\\\/de\\\/allgemeine-verkaufsbedingungen-avb\\\/#breadcrumb\",\"itemListElement\":[{\"@type\":\"ListItem\",\"position\":1,\"name\":\"Startseite\",\"item\":\"https:\\\/\\\/relaisgourmet.com\\\/de\\\/\"},{\"@type\":\"ListItem\",\"position\":2,\"name\":\"Allgemeine Verkaufsbedingungen (AGB)\"}]},{\"@type\":\"WebSite\",\"@id\":\"https:\\\/\\\/relaisgourmet.com\\\/de\\\/#website\",\"url\":\"https:\\\/\\\/relaisgourmet.com\\\/de\\\/\",\"name\":\"Relais Gourmet\",\"description\":\"Maison Gastronomique au Pays-Basque Depuis 2004\",\"publisher\":{\"@id\":\"https:\\\/\\\/relaisgourmet.com\\\/de\\\/#organization\"},\"potentialAction\":[{\"@type\":\"SearchAction\",\"target\":{\"@type\":\"EntryPoint\",\"urlTemplate\":\"https:\\\/\\\/relaisgourmet.com\\\/de\\\/?s={search_term_string}\"},\"query-input\":{\"@type\":\"PropertyValueSpecification\",\"valueRequired\":true,\"valueName\":\"search_term_string\"}}],\"inLanguage\":\"de\"},{\"@type\":\"Organization\",\"@id\":\"https:\\\/\\\/relaisgourmet.com\\\/de\\\/#organization\",\"name\":\"Relais Gourmet\",\"url\":\"https:\\\/\\\/relaisgourmet.com\\\/de\\\/\",\"logo\":{\"@type\":\"ImageObject\",\"inLanguage\":\"de\",\"@id\":\"https:\\\/\\\/relaisgourmet.com\\\/de\\\/#\\\/schema\\\/logo\\\/image\\\/\",\"url\":\"https:\\\/\\\/relaisgourmet.com\\\/wp-content\\\/uploads\\\/2024\\\/11\\\/Diseno-sin-titulo-8.jpg\",\"contentUrl\":\"https:\\\/\\\/relaisgourmet.com\\\/wp-content\\\/uploads\\\/2024\\\/11\\\/Diseno-sin-titulo-8.jpg\",\"width\":500,\"height\":500,\"caption\":\"Relais Gourmet\"},\"image\":{\"@id\":\"https:\\\/\\\/relaisgourmet.com\\\/de\\\/#\\\/schema\\\/logo\\\/image\\\/\"},\"sameAs\":[\"https:\\\/\\\/facebook.com\\\/yoast\",\"https:\\\/\\\/instagram.com\\\/yoast\"]}]}<\/script>\n<!-- \/ Yoast SEO Premium plugin. -->","yoast_head_json":{"title":"Allgemeine Verkaufsbedingungen (AGB)","description":"Allgemeine Verkaufsbedingungen (AGB) - Relais Gourmet","robots":{"index":"index","follow":"follow","max-snippet":"max-snippet:-1","max-image-preview":"max-image-preview:large","max-video-preview":"max-video-preview:-1"},"canonical":"https:\/\/relaisgourmet.com\/de\/allgemeine-verkaufsbedingungen-avb\/","og_locale":"de_DE","og_type":"article","og_title":"Allgemeine Verkaufsbedingungen (AGB)","og_description":"Allgemeine Verkaufsbedingungen (AGB) - Relais Gourmet","og_url":"https:\/\/relaisgourmet.com\/de\/allgemeine-verkaufsbedingungen-avb\/","og_site_name":"Relais Gourmet","article_publisher":"https:\/\/facebook.com\/yoast","article_modified_time":"2025-02-17T16:45:30+00:00","twitter_card":"summary_large_image","twitter_misc":{"Gesch\u00e4tzte Lesezeit":"4\u00a0Minute"},"schema":{"@context":"https:\/\/schema.org","@graph":[{"@type":"WebPage","@id":"https:\/\/relaisgourmet.com\/de\/allgemeine-verkaufsbedingungen-avb\/","url":"https:\/\/relaisgourmet.com\/de\/allgemeine-verkaufsbedingungen-avb\/","name":"Allgemeine Verkaufsbedingungen (AGB)","isPartOf":{"@id":"https:\/\/relaisgourmet.com\/de\/#website"},"datePublished":"2019-09-25T05:05:31+00:00","dateModified":"2025-02-17T16:45:30+00:00","description":"Allgemeine Verkaufsbedingungen (AGB) - Relais Gourmet","breadcrumb":{"@id":"https:\/\/relaisgourmet.com\/de\/allgemeine-verkaufsbedingungen-avb\/#breadcrumb"},"inLanguage":"de","potentialAction":[{"@type":"ReadAction","target":["https:\/\/relaisgourmet.com\/de\/allgemeine-verkaufsbedingungen-avb\/"]}]},{"@type":"BreadcrumbList","@id":"https:\/\/relaisgourmet.com\/de\/allgemeine-verkaufsbedingungen-avb\/#breadcrumb","itemListElement":[{"@type":"ListItem","position":1,"name":"Startseite","item":"https:\/\/relaisgourmet.com\/de\/"},{"@type":"ListItem","position":2,"name":"Allgemeine Verkaufsbedingungen (AGB)"}]},{"@type":"WebSite","@id":"https:\/\/relaisgourmet.com\/de\/#website","url":"https:\/\/relaisgourmet.com\/de\/","name":"Relais Gourmet","description":"Maison Gastronomique au Pays-Basque Depuis 2004","publisher":{"@id":"https:\/\/relaisgourmet.com\/de\/#organization"},"potentialAction":[{"@type":"SearchAction","target":{"@type":"EntryPoint","urlTemplate":"https:\/\/relaisgourmet.com\/de\/?s={search_term_string}"},"query-input":{"@type":"PropertyValueSpecification","valueRequired":true,"valueName":"search_term_string"}}],"inLanguage":"de"},{"@type":"Organization","@id":"https:\/\/relaisgourmet.com\/de\/#organization","name":"Relais Gourmet","url":"https:\/\/relaisgourmet.com\/de\/","logo":{"@type":"ImageObject","inLanguage":"de","@id":"https:\/\/relaisgourmet.com\/de\/#\/schema\/logo\/image\/","url":"https:\/\/relaisgourmet.com\/wp-content\/uploads\/2024\/11\/Diseno-sin-titulo-8.jpg","contentUrl":"https:\/\/relaisgourmet.com\/wp-content\/uploads\/2024\/11\/Diseno-sin-titulo-8.jpg","width":500,"height":500,"caption":"Relais Gourmet"},"image":{"@id":"https:\/\/relaisgourmet.com\/de\/#\/schema\/logo\/image\/"},"sameAs":["https:\/\/facebook.com\/yoast","https:\/\/instagram.com\/yoast"]}]}},"_links":{"self":[{"href":"https:\/\/relaisgourmet.com\/de\/wp-json\/wp\/v2\/pages\/42955","targetHints":{"allow":["GET"]}}],"collection":[{"href":"https:\/\/relaisgourmet.com\/de\/wp-json\/wp\/v2\/pages"}],"about":[{"href":"https:\/\/relaisgourmet.com\/de\/wp-json\/wp\/v2\/types\/page"}],"author":[{"embeddable":true,"href":"https:\/\/relaisgourmet.com\/de\/wp-json\/wp\/v2\/users\/1"}],"replies":[{"embeddable":true,"href":"https:\/\/relaisgourmet.com\/de\/wp-json\/wp\/v2\/comments?post=42955"}],"version-history":[{"count":0,"href":"https:\/\/relaisgourmet.com\/de\/wp-json\/wp\/v2\/pages\/42955\/revisions"}],"wp:attachment":[{"href":"https:\/\/relaisgourmet.com\/de\/wp-json\/wp\/v2\/media?parent=42955"}],"curies":[{"name":"wp","href":"https:\/\/api.w.org\/{rel}","templated":true}]}}