{"id":42907,"date":"2019-09-25T09:27:54","date_gmt":"2019-09-25T07:27:54","guid":{"rendered":"https:\/\/relaisgourmet.com\/espace-pro\/"},"modified":"2025-04-09T23:25:23","modified_gmt":"2025-04-09T21:25:23","slug":"professioneller-raum","status":"publish","type":"page","link":"https:\/\/relaisgourmet.com\/de\/professioneller-raum\/","title":{"rendered":"Professioneller Bereich - Professionelles Formular"},"content":{"rendered":"<h2>PROFESSIONELLER BEREICH<\/h2>\n<p>Unternehmen oder H\u00e4ndler? Finden Sie hier unseren professionellen Bereich!<\/p>\n<p><strong>Sie suchen: <\/strong><\/p>\n<ul>\n<li>Geschenkboxen f\u00fcr Ihre Mitarbeiter oder Partner.<\/li>\n<li>Hochwertige Gourmet-Produkte zu CSE-Preisen (Bestellscheine, Unternehmens-Intranet\u2026).<\/li>\n<li>Ein Aussteller f\u00fcr Ihren Weihnachtsmarkt.<\/li>\n<li>Gro\u00dfhandelspreise f\u00fcr H\u00e4ndler, Vertreter, Gastronomen, Weinh\u00e4ndler\u2026<\/li>\n<\/ul>\n<p>Z\u00f6gern Sie nicht l\u00e4nger, f\u00fcllen Sie das Formular auf der gegen\u00fcberliegenden Seite aus und erhalten Sie unsere Brosch\u00fcre mit den Preisen und Vorteilen von Relais Gourmet.<\/p>\n","protected":false},"excerpt":{"rendered":"<p>PROFESSIONELLER BEREICH Unternehmen oder H\u00e4ndler? Finden Sie hier unseren professionellen Bereich! Sie suchen: Geschenkboxen f\u00fcr Ihre Mitarbeiter oder Partner. Hochwertige Gourmet-Produkte zu CSE-Preisen (Bestellscheine, Unternehmens-Intranet\u2026). Ein Aussteller f\u00fcr Ihren Weihnachtsmarkt. Gro\u00dfhandelspreise f\u00fcr H\u00e4ndler, Vertreter, Gastronomen, Weinh\u00e4ndler\u2026 Z\u00f6gern Sie nicht l\u00e4nger, f\u00fcllen Sie das Formular auf der gegen\u00fcberliegenden Seite aus und erhalten Sie unsere Brosch\u00fcre mit [&hellip;]<\/p>\n","protected":false},"author":1,"featured_media":0,"parent":0,"menu_order":0,"comment_status":"open","ping_status":"closed","template":"elementor_header_footer","meta":{"footnotes":""},"class_list":["post-42907","page","type-page","status-publish","hentry"],"yoast_head":"<!-- This site is optimized with the Yoast SEO Premium plugin v27.0 (Yoast SEO v27.3) - https:\/\/yoast.com\/product\/yoast-seo-premium-wordpress\/ -->\n<title>Relais Gourmet - Professioneller Bereich - Professionelles Formular<\/title>\n<meta name=\"description\" content=\"Profitieren Sie von exklusiven Tarifen f\u00fcr Ihr Unternehmen oder einen Betriebsrat. Foies Gras, Gourmet-Aperitifs und ein auf Ihre Bed\u00fcrfnisse abgestimmter Service.\" \/>\n<meta name=\"robots\" content=\"index, follow, max-snippet:-1, max-image-preview:large, max-video-preview:-1\" \/>\n<link rel=\"canonical\" href=\"https:\/\/relaisgourmet.com\/de\/professioneller-raum\/\" \/>\n<meta property=\"og:locale\" content=\"de_DE\" \/>\n<meta property=\"og:type\" content=\"article\" \/>\n<meta property=\"og:title\" content=\"Professioneller Bereich - Professionelles Formular\" \/>\n<meta property=\"og:description\" content=\"Profitieren Sie von exklusiven Tarifen f\u00fcr Ihr Unternehmen oder einen Betriebsrat. Foies Gras, Gourmet-Aperitifs und ein auf Ihre Bed\u00fcrfnisse abgestimmter Service.\" \/>\n<meta property=\"og:url\" content=\"https:\/\/relaisgourmet.com\/de\/professioneller-raum\/\" \/>\n<meta property=\"og:site_name\" content=\"Relais Gourmet\" \/>\n<meta property=\"article:publisher\" content=\"https:\/\/facebook.com\/yoast\" \/>\n<meta property=\"article:modified_time\" content=\"2025-04-09T21:25:23+00:00\" \/>\n<meta name=\"twitter:card\" content=\"summary_large_image\" \/>\n<meta name=\"twitter:label1\" content=\"Gesch\u00e4tzte Lesezeit\" \/>\n\t<meta name=\"twitter:data1\" content=\"1\u00a0Minute\" \/>\n<script type=\"application\/ld+json\" class=\"yoast-schema-graph\">{\"@context\":\"https:\\\/\\\/schema.org\",\"@graph\":[{\"@type\":\"WebPage\",\"@id\":\"https:\\\/\\\/relaisgourmet.com\\\/de\\\/professioneller-raum\\\/\",\"url\":\"https:\\\/\\\/relaisgourmet.com\\\/de\\\/professioneller-raum\\\/\",\"name\":\"Relais Gourmet - Professioneller Bereich - Professionelles Formular\",\"isPartOf\":{\"@id\":\"https:\\\/\\\/relaisgourmet.com\\\/de\\\/#website\"},\"datePublished\":\"2019-09-25T07:27:54+00:00\",\"dateModified\":\"2025-04-09T21:25:23+00:00\",\"description\":\"Profitieren Sie von exklusiven Tarifen f\u00fcr Ihr Unternehmen oder einen Betriebsrat. Foies Gras, Gourmet-Aperitifs und ein auf Ihre Bed\u00fcrfnisse abgestimmter Service.\",\"breadcrumb\":{\"@id\":\"https:\\\/\\\/relaisgourmet.com\\\/de\\\/professioneller-raum\\\/#breadcrumb\"},\"inLanguage\":\"de\",\"potentialAction\":[{\"@type\":\"ReadAction\",\"target\":[\"https:\\\/\\\/relaisgourmet.com\\\/de\\\/professioneller-raum\\\/\"]}]},{\"@type\":\"BreadcrumbList\",\"@id\":\"https:\\\/\\\/relaisgourmet.com\\\/de\\\/professioneller-raum\\\/#breadcrumb\",\"itemListElement\":[{\"@type\":\"ListItem\",\"position\":1,\"name\":\"Startseite\",\"item\":\"https:\\\/\\\/relaisgourmet.com\\\/de\\\/\"},{\"@type\":\"ListItem\",\"position\":2,\"name\":\"Professioneller Bereich &#8211; Professionelles Formular\"}]},{\"@type\":\"WebSite\",\"@id\":\"https:\\\/\\\/relaisgourmet.com\\\/de\\\/#website\",\"url\":\"https:\\\/\\\/relaisgourmet.com\\\/de\\\/\",\"name\":\"Relais Gourmet\",\"description\":\"Maison Gastronomique au Pays-Basque Depuis 2004\",\"publisher\":{\"@id\":\"https:\\\/\\\/relaisgourmet.com\\\/de\\\/#organization\"},\"potentialAction\":[{\"@type\":\"SearchAction\",\"target\":{\"@type\":\"EntryPoint\",\"urlTemplate\":\"https:\\\/\\\/relaisgourmet.com\\\/de\\\/?s={search_term_string}\"},\"query-input\":{\"@type\":\"PropertyValueSpecification\",\"valueRequired\":true,\"valueName\":\"search_term_string\"}}],\"inLanguage\":\"de\"},{\"@type\":\"Organization\",\"@id\":\"https:\\\/\\\/relaisgourmet.com\\\/de\\\/#organization\",\"name\":\"Relais Gourmet\",\"url\":\"https:\\\/\\\/relaisgourmet.com\\\/de\\\/\",\"logo\":{\"@type\":\"ImageObject\",\"inLanguage\":\"de\",\"@id\":\"https:\\\/\\\/relaisgourmet.com\\\/de\\\/#\\\/schema\\\/logo\\\/image\\\/\",\"url\":\"https:\\\/\\\/relaisgourmet.com\\\/wp-content\\\/uploads\\\/2024\\\/11\\\/Diseno-sin-titulo-8.jpg\",\"contentUrl\":\"https:\\\/\\\/relaisgourmet.com\\\/wp-content\\\/uploads\\\/2024\\\/11\\\/Diseno-sin-titulo-8.jpg\",\"width\":500,\"height\":500,\"caption\":\"Relais Gourmet\"},\"image\":{\"@id\":\"https:\\\/\\\/relaisgourmet.com\\\/de\\\/#\\\/schema\\\/logo\\\/image\\\/\"},\"sameAs\":[\"https:\\\/\\\/facebook.com\\\/yoast\",\"https:\\\/\\\/instagram.com\\\/yoast\"]}]}<\/script>\n<!-- \/ Yoast SEO Premium plugin. -->","yoast_head_json":{"title":"Relais Gourmet - Professioneller Bereich - Professionelles Formular","description":"Profitieren Sie von exklusiven Tarifen f\u00fcr Ihr Unternehmen oder einen Betriebsrat. Foies Gras, Gourmet-Aperitifs und ein auf Ihre Bed\u00fcrfnisse abgestimmter Service.","robots":{"index":"index","follow":"follow","max-snippet":"max-snippet:-1","max-image-preview":"max-image-preview:large","max-video-preview":"max-video-preview:-1"},"canonical":"https:\/\/relaisgourmet.com\/de\/professioneller-raum\/","og_locale":"de_DE","og_type":"article","og_title":"Professioneller Bereich - Professionelles Formular","og_description":"Profitieren Sie von exklusiven Tarifen f\u00fcr Ihr Unternehmen oder einen Betriebsrat. Foies Gras, Gourmet-Aperitifs und ein auf Ihre Bed\u00fcrfnisse abgestimmter Service.","og_url":"https:\/\/relaisgourmet.com\/de\/professioneller-raum\/","og_site_name":"Relais Gourmet","article_publisher":"https:\/\/facebook.com\/yoast","article_modified_time":"2025-04-09T21:25:23+00:00","twitter_card":"summary_large_image","twitter_misc":{"Gesch\u00e4tzte Lesezeit":"1\u00a0Minute"},"schema":{"@context":"https:\/\/schema.org","@graph":[{"@type":"WebPage","@id":"https:\/\/relaisgourmet.com\/de\/professioneller-raum\/","url":"https:\/\/relaisgourmet.com\/de\/professioneller-raum\/","name":"Relais Gourmet - Professioneller Bereich - Professionelles Formular","isPartOf":{"@id":"https:\/\/relaisgourmet.com\/de\/#website"},"datePublished":"2019-09-25T07:27:54+00:00","dateModified":"2025-04-09T21:25:23+00:00","description":"Profitieren Sie von exklusiven Tarifen f\u00fcr Ihr Unternehmen oder einen Betriebsrat. Foies Gras, Gourmet-Aperitifs und ein auf Ihre Bed\u00fcrfnisse abgestimmter Service.","breadcrumb":{"@id":"https:\/\/relaisgourmet.com\/de\/professioneller-raum\/#breadcrumb"},"inLanguage":"de","potentialAction":[{"@type":"ReadAction","target":["https:\/\/relaisgourmet.com\/de\/professioneller-raum\/"]}]},{"@type":"BreadcrumbList","@id":"https:\/\/relaisgourmet.com\/de\/professioneller-raum\/#breadcrumb","itemListElement":[{"@type":"ListItem","position":1,"name":"Startseite","item":"https:\/\/relaisgourmet.com\/de\/"},{"@type":"ListItem","position":2,"name":"Professioneller Bereich &#8211; Professionelles Formular"}]},{"@type":"WebSite","@id":"https:\/\/relaisgourmet.com\/de\/#website","url":"https:\/\/relaisgourmet.com\/de\/","name":"Relais Gourmet","description":"Maison Gastronomique au Pays-Basque Depuis 2004","publisher":{"@id":"https:\/\/relaisgourmet.com\/de\/#organization"},"potentialAction":[{"@type":"SearchAction","target":{"@type":"EntryPoint","urlTemplate":"https:\/\/relaisgourmet.com\/de\/?s={search_term_string}"},"query-input":{"@type":"PropertyValueSpecification","valueRequired":true,"valueName":"search_term_string"}}],"inLanguage":"de"},{"@type":"Organization","@id":"https:\/\/relaisgourmet.com\/de\/#organization","name":"Relais Gourmet","url":"https:\/\/relaisgourmet.com\/de\/","logo":{"@type":"ImageObject","inLanguage":"de","@id":"https:\/\/relaisgourmet.com\/de\/#\/schema\/logo\/image\/","url":"https:\/\/relaisgourmet.com\/wp-content\/uploads\/2024\/11\/Diseno-sin-titulo-8.jpg","contentUrl":"https:\/\/relaisgourmet.com\/wp-content\/uploads\/2024\/11\/Diseno-sin-titulo-8.jpg","width":500,"height":500,"caption":"Relais Gourmet"},"image":{"@id":"https:\/\/relaisgourmet.com\/de\/#\/schema\/logo\/image\/"},"sameAs":["https:\/\/facebook.com\/yoast","https:\/\/instagram.com\/yoast"]}]}},"_links":{"self":[{"href":"https:\/\/relaisgourmet.com\/de\/wp-json\/wp\/v2\/pages\/42907","targetHints":{"allow":["GET"]}}],"collection":[{"href":"https:\/\/relaisgourmet.com\/de\/wp-json\/wp\/v2\/pages"}],"about":[{"href":"https:\/\/relaisgourmet.com\/de\/wp-json\/wp\/v2\/types\/page"}],"author":[{"embeddable":true,"href":"https:\/\/relaisgourmet.com\/de\/wp-json\/wp\/v2\/users\/1"}],"replies":[{"embeddable":true,"href":"https:\/\/relaisgourmet.com\/de\/wp-json\/wp\/v2\/comments?post=42907"}],"version-history":[{"count":10,"href":"https:\/\/relaisgourmet.com\/de\/wp-json\/wp\/v2\/pages\/42907\/revisions"}],"predecessor-version":[{"id":54215,"href":"https:\/\/relaisgourmet.com\/de\/wp-json\/wp\/v2\/pages\/42907\/revisions\/54215"}],"wp:attachment":[{"href":"https:\/\/relaisgourmet.com\/de\/wp-json\/wp\/v2\/media?parent=42907"}],"curies":[{"name":"wp","href":"https:\/\/api.w.org\/{rel}","templated":true}]}}